{"id":1088,"date":"2019-05-09T13:22:55","date_gmt":"2019-05-09T11:22:55","guid":{"rendered":"https:\/\/pflanzenkohle.de\/?page_id=1088"},"modified":"2022-10-18T11:48:43","modified_gmt":"2022-10-18T09:48:43","slug":"biogaskohle","status":"publish","type":"page","link":"https:\/\/pflanzenkohle.de\/index.php\/biogaskohle\/","title":{"rendered":"Biogaskohle"},"content":{"rendered":"<div class=\"wpb-content-wrapper\"><p>[vc_row][vc_column][vc_empty_space height=&#8220;100px&#8220;][vc_text_separator title=&#8220;Biogaskohle&#8220;][vc_empty_space][\/vc_column][\/vc_row][vc_row][vc_column][vc_row_inner][vc_column_inner width=&#8220;1\/2&#8243;][vc_custom_heading text=&#8220;Was ist Biogaskohle&#8220; font_container=&#8220;tag:h1|font_size:25px|text_align:left|color:%2378a242|line_height:30px&#8220; use_theme_fonts=&#8220;yes&#8220;][vc_column_text]Die Biogaskohle ist sogenannte Pflanzenkohle, die ein Instrument zur aktiven Kohlendioxidausschleusung aus der Atmosph\u00e4re darstellt.[\/vc_column_text][vc_btn title=&#8220;Zu unseren Produkten im Shop&#8220; link=&#8220;url:%2Findex.php%2Fprodukt-kategorie%2Fbiogaskohle%2F|||&#8220;][\/vc_column_inner][vc_column_inner width=&#8220;1\/2&#8243;][vc_column_text][\/vc_column_text][vc_single_image image=&#8220;1079&#8243; img_size=&#8220;large&#8220; alignment=&#8220;right&#8220;][\/vc_column_inner][\/vc_row_inner][\/vc_column][\/vc_row][vc_row][vc_column][vc_empty_space][vc_separator][vc_empty_space][\/vc_column][\/vc_row][vc_row][vc_column][vc_column_text]<\/p>\n<h2>Vorteile beim Einsatz in der Biogasanlage<\/h2>\n<p>Durch eine thermochemische Biomassebehandlung (Pyrolyse) wird der gebundene Kohlenstoff stabilisiert und l\u00e4sst sich somit dauerhaft der Atmosph\u00e4re entziehen. Das erzeugte Produkt (Pflanzenkohle) kann vor allem auf landwirtschaftlichen Fl\u00e4chen eingesetzt werden. Erste Analysen zeigen, dass sich dieser Einsatz betriebswirtschaftlich jedoch noch nicht rentiert.<\/p>\n<p>Daher m\u00fcssen weitere Einsatzm\u00f6glichkeiten entlang der\u00a0 landwirtschaftlichen Kaskade, in denen ein zus\u00e4tzlicher Ertrag generiert werden kann, identifiziert werden.<\/p>\n<p>Eine dieser M\u00f6glichkeiten ist die Nutzung der Pflanzenkohle als Additiv im Biogasprozess. Verschiedene internationale Forschungsinstitute haben durch das Beimischen der Pflanzenkohle einen erh\u00f6hten Gasertrag messen k\u00f6nnen.<\/p>\n<p>Unter anderem soll die Akkumulation von Methanogenen sowie die erh\u00f6hte Aufwuchsfl\u00e4che die mikrobielle Funktionalit\u00e4t unterst\u00fctzen und somit ein erh\u00f6hter Gasertrag erzielt werden.<\/p>\n<p>Die hier vorgestellte Analyse ging der Frage nach, welcher Einsatzort im Fermentationsprozess (Hauptfermenter, bzw. Nachg\u00e4rer) am sinnvollsten bzgl. der Gasertr\u00e4ge ist.<\/p>\n<p>Durch die Zugabe der Pflanzenkohle in den Hauptfermenter konnten etwa 9% mehr Methan \u00fcber insgesamt 91 Tage erzeugt werden.<\/p>\n<p>Die Untersuchung im Nachg\u00e4rer wurde in zwei unterschiedlichen Varianten durchgef\u00fchrt und so auch der Einfluss der Oberfl\u00e4che (gro\u00dfe Kohlepartikel) untersucht.<\/p>\n<p><strong>Die Zugabe der urspr\u00fcnglichen Pflanzenkohle f\u00fchrte zu einem Mehrertrag von gut 13%, und durch die gro\u00dfen Kohlepartikel konnte sogar 24% mehr Methan erzeugt werden.<\/strong>[\/vc_column_text][vc_row_inner][vc_column_inner][vc_column_text]<\/p>\n<h2>Ausf\u00fchrliche Informationen<\/h2>\n<p>Gerne lassen wir Ihnen den Artikel zur Steigerung des Biogasertrags durch Pflanzenkohle als PDF-Datei zukommen.<br \/>\nBitte sprechen Sie uns an oder schreiben Sie uns eine E-mail.<\/p>\n<p>Telefon: 05642 \/ 9858-180<br \/>\nMobil: 0160 \/ 96 78 14 74<br \/>\nEmail:\u00a0<a href=\"mailto:info@pflanzenkohle.de\">info@pflanzenkohle.de<\/a><\/p>\n<h3>Steigerung des Biogasertrags durch Pflanzenkohle<\/h3>\n<p>[\/vc_column_text][\/vc_column_inner][\/vc_row_inner][\/vc_column][\/vc_row][vc_row][vc_column width=&#8220;1\/3&#8243;][vc_single_image image=&#8220;1139&#8243; style=&#8220;vc_box_border&#8220; onclick=&#8220;link_image&#8220;][\/vc_column][vc_column width=&#8220;1\/3&#8243;][vc_single_image image=&#8220;1140&#8243; style=&#8220;vc_box_border&#8220; onclick=&#8220;link_image&#8220;][\/vc_column][vc_column width=&#8220;1\/3&#8243;][vc_single_image image=&#8220;1141&#8243; style=&#8220;vc_box_border&#8220; onclick=&#8220;link_image&#8220;][\/vc_column][\/vc_row][vc_row][vc_column width=&#8220;1\/3&#8243;][vc_single_image image=&#8220;1142&#8243; style=&#8220;vc_box_border&#8220; onclick=&#8220;link_image&#8220;][\/vc_column][vc_column width=&#8220;1\/3&#8243;][vc_single_image image=&#8220;1143&#8243; style=&#8220;vc_box_border&#8220; onclick=&#8220;link_image&#8220;][\/vc_column][vc_column width=&#8220;1\/3&#8243;][vc_single_image image=&#8220;1138&#8243; style=&#8220;vc_box_border&#8220; onclick=&#8220;link_image&#8220;][\/vc_column][\/vc_row]<\/p>\n<\/div>","protected":false},"excerpt":{"rendered":"<p>[vc_row][vc_column][vc_empty_space height=&#8220;100px&#8220;][vc_text_separator title=&#8220;Biogaskohle&#8220;][vc_empty_space][\/vc_column][\/vc_row][vc_row][vc_column][vc_row_inner][vc_column_inner width=&#8220;1\/2&#8243;][vc_custom_heading text=&#8220;Was ist Biogaskohle&#8220; font_container=&#8220;tag:h1|font_size:25px|text_align:left|color:%2378a242|line_height:30px&#8220; use_theme_fonts=&#8220;yes&#8220;][vc_column_text]Die Biogaskohle [&hellip;]<\/p>\n","protected":false},"author":173,"featured_media":0,"parent":0,"menu_order":0,"comment_status":"closed","ping_status":"closed","template":"","meta":{"footnotes":""},"class_list":["post-1088","page","type-page","status-publish","hentry"],"_links":{"self":[{"href":"https:\/\/pflanzenkohle.de\/index.php\/wp-json\/wp\/v2\/pages\/1088","targetHints":{"allow":["GET"]}}],"collection":[{"href":"https:\/\/pflanzenkohle.de\/index.php\/wp-json\/wp\/v2\/pages"}],"about":[{"href":"https:\/\/pflanzenkohle.de\/index.php\/wp-json\/wp\/v2\/types\/page"}],"author":[{"embeddable":true,"href":"https:\/\/pflanzenkohle.de\/index.php\/wp-json\/wp\/v2\/users\/173"}],"replies":[{"embeddable":true,"href":"https:\/\/pflanzenkohle.de\/index.php\/wp-json\/wp\/v2\/comments?post=1088"}],"version-history":[{"count":20,"href":"https:\/\/pflanzenkohle.de\/index.php\/wp-json\/wp\/v2\/pages\/1088\/revisions"}],"predecessor-version":[{"id":1739,"href":"https:\/\/pflanzenkohle.de\/index.php\/wp-json\/wp\/v2\/pages\/1088\/revisions\/1739"}],"wp:attachment":[{"href":"https:\/\/pflanzenkohle.de\/index.php\/wp-json\/wp\/v2\/media?parent=1088"}],"curies":[{"name":"wp","href":"https:\/\/api.w.org\/{rel}","templated":true}]}}