{"id":118,"date":"2016-06-03T12:45:09","date_gmt":"2016-06-03T10:45:09","guid":{"rendered":"http:\/\/pflanzenkohle.de\/?page_id=118"},"modified":"2026-04-27T15:13:32","modified_gmt":"2026-04-27T13:13:32","slug":"agb","status":"publish","type":"page","link":"https:\/\/pflanzenkohle.de\/index.php\/agb\/","title":{"rendered":"AGB"},"content":{"rendered":"<div class=\"wpb-content-wrapper\"><p>[vc_row][vc_column][vc_empty_space height=&#8220;100px&#8220;][\/vc_column][\/vc_row][vc_row][vc_column][vc_custom_heading text=&#8220;Unsere AGB&#8220; use_theme_fonts=&#8220;yes&#8220;][vc_empty_space][vc_column_text css=&#8220;&#8220;]Allgemeine Gesch\u00e4ftsbedingungen der Firma<\/p>\n<p>Holzverstromungsanlage Warburg<br \/>\nHubertus Wiemers (im Folgenden Holzverstromungsanlage Warburg)<br \/>\n<span data-olk-copy-source=\"MessageBody\">Bellinggradtstr. 2<br \/>\n<\/span>34414 Warburg<\/p>\n<p>gegenu\u0308ber Unternehmern (B2B)<br \/>\nStand: August 2021<\/p>\n<h2>Allgemeines<\/h2>\n<p>Diese Verkaufs-, Lieferungs- und Zahlungsbedingungen gelten ausschlie\u00dflich fu\u0308r alle gesch\u00e4ftlichen Beziehungen, Verk\u00e4ufe und sonstigen Rechtsgesch\u00e4fte zwischen Holzverstromungsanlage Warburg und Nicht- Verbrauchern, also anderen Unternehmern, Beh\u00f6rden oder einem \u00f6ffentlich-rechtlichen Sonderverm\u00f6gen o.\u00e4.<br \/>\nSoweit der K\u00e4ufer durch eigene AGB diese als vorrangig bezeichnet und in diesen bestimmt, dass der Vertrag nur unter Bedingungen, die von den hier vorliegenden abweichen, zustande kommen soll, so gelten die AGB des K\u00e4ufers nicht.<br \/>\nEine teilweise Einbeziehung der AGB des K\u00e4ufers ist grunds\u00e4tzlich ausgeschlossen. Dies gilt auch dann, wenn bei Abholung der Ware ab Lager diese AGB ausgeh\u00e4ndigt oder hinterlegt werden, also sowohl vor als auch nach Vertragsschluss.<br \/>\nAusgeschlossen ist ferner die teilweise Abdingung unserer AGB durch AGB des Vertragspartners.<br \/>\nEtwaige Abweichungen von unseren Allgemeinen Gesch\u00e4ftsbedingungen und den schriftlichen Vereinbarungen bedu\u0308rfen unserer ausdru\u0308cklichen Best\u00e4tigung.<\/p>\n<h2><strong>Vertragsabschluss<\/strong><\/h2>\n<p>Unsere Angebote sind stets freibleibend, sofern wir nicht das Angebot ausdru\u0308cklich als verbindlich bezeichnen. Die Verbindlichkeit unserer Angebote kann auch zeitlich beschr\u00e4nkt werden. Im \u00dcbrigen sind sonstige Angebote grunds\u00e4tzlich als Aufforderung an unsere Kunden zur Abgabe eines Angebotes zu verstehen. Sonstige Vereinbarungen sind nur nach ausdru\u0308cklicher Absprache bzw. Best\u00e4tigung verbindlich.<br \/>\nBestellungen nehmen wir wahlweise durch unsere schriftliche Auftragsbest\u00e4tigung (z. Bsp. Email\/Fax\/Brief) oder der Warenu\u0308bersendung an. Wird ein Angebot fu\u0308r Vertrags\u00e4nderungen und sonstige Vereinbarungen unsererseits erstellt und antwortet der Vertragspartner nicht, so gilt sein Schweigen als Zustimmung.<br \/>\nBei wesentlicher Verschlechterung der wirtschaftlichen Verh\u00e4ltnisse des K\u00e4ufers, insbesondere Vollstreckungs-ma\u00dfnahmen, Insolvenzer\u00f6ffnung, Gesch\u00e4ftsver\u00e4u\u00dferung, Verzug mit Verbindlichkeiten uns gegenu\u0308ber, sind wir, auch bei schriftlich best\u00e4tigten Auftr\u00e4gen, immer zum Ru\u0308cktritt vom Vertrag berechtigt, sofern nicht der K\u00e4ufer auf unser Anfordern binnen einer Frist von zwei Wochen Sicherheit in H\u00f6he der Vertragssumme oder Vorkasse leistet. Der Ru\u0308cktritt kann auch noch nach Lieferung der Waren erfolgen.<br \/>\nLieferung, Versand, Gefahrenu\u0308berg\u00e4nge<br \/>\nDie Versandart, der Versandweg und die mit dem Versand beauftragte Firma werden grunds\u00e4tzlich von uns bestimmt. Die Gefahr der Verschlechterung oder des zuf\u00e4lligen Untergangs der Kaufsache geht mit Verlassen des Lagers auf den K\u00e4ufer u\u0308ber. Teillieferungen durch uns sind nur zul\u00e4ssig, soweit dies mit dem K\u00e4ufer vereinbart ist. Die Lieferung erfolgt auf Kosten des Verk\u00e4ufers.<br \/>\nWir behalten uns vor, eine Bestellung nicht auszuliefern bzw. die Auslieferung zu verz\u00f6gern, sollten noch Betr\u00e4ge aus vorherigen Lieferungen zur Zahlung offen stehen. Schadenersatzanspru\u0308che v. K\u00e4uferseite werden in diesen F\u00e4llen nicht akzeptiert.<br \/>\nLieferfristen gelten grunds\u00e4tzlich als unverbindlich. Eine verbindliche Lieferfrist wird von Holzverstromungsanlage Warburg schriftlich gesondert vermerkt und ist nur nach Absprache m\u00f6glich. Eine Haftung wegen Verzugs ist grunds\u00e4tzlich ausgeschlossen. Lieferfristen gelten daher auch nur unter der Bedingung, dass Holzverstromungsanlage Warburg rechtzeitig beliefert wird und eine etwaige Nichtbelieferung nicht zu vertreten hat. Unsere Preise verstehen sich als solange gu\u0308ltig, als in unmittelbarer Verbindung mit Preislisten gemachten Angaben diesbezu\u0308glich darliegen und sind an die dynamischen Gegebenheiten des Marktes gebunden und daher nur bei Best\u00e4tigung fu\u0308r uns verbindlich.<\/p>\n<h2><strong>Gew\u00e4hrleistung<\/strong><\/h2>\n<p>Retouren werden nur nach vorheriger Anmeldung, z. B. per Email, akzeptiert und sind unverzu\u0308glich nach Erkennen einer der folgenden M\u00e4ngel anzuzeigen. Dies gilt auch fu\u0308r versteckte M\u00e4ngel ab dem erst m\u00f6glichen Erkennen. Es gelten \u00a7\u00a7 377 HGB.<\/p>\n<p><strong>&#8211; Falsch gelieferte Artikel<\/strong><\/p>\n<p>Retouren, auf welche sich diese Gru\u0308nde nicht beziehen, erfolgen ausschlie\u00dflich nach vorheriger Absprache innerhalb von drei Wochen nach Versand durch uns und mit Berechnung einer Ru\u0308ckgabegebu\u0308hr i. H. v. 10% des urspr. Netto-Warenwertes plus der bereits aufgewendeten Transportkosten zzgl. Mehrwertsteuer. Der verbleibende Warenwert erzeugt eine Gutschrift, die aufgerechnet werden kann.<br \/>\nRetouren erfolgen ausschlie\u00dflich auf Kosten des Absenders, au\u00dfer bei den oben genannten Gru\u0308nden.<br \/>\nRetournierte Artikel werden ausschlie\u00dflich in der Original-Verpackung akzeptiert, da sonst weitere 5% des urspr. Netto-Warenwertes plus Transportkosten zzgl. Mehrwertsteuer fu\u0308r erneute Verpackung berechnet werden. Die Artikel mu\u0308ssen in einem wiederverkaufsf\u00e4higen Zustand sein. Wir behalten uns vor, dem Ru\u0308cksender den Aufwand fu\u0308r Reinigung und Reparatur von Artikeln zu berechnen, im ungu\u0308nstigsten Falle, also bei Nichtwiederherstellbarkeit eines verkaufsf\u00e4higen Zustands des jeweiligen Artikels, bis zu 100% des Netto- Warenwertes zzgl. Mehrwertsteuer.<br \/>\nUnwesentliche Abweichungen der Kaufsache wie z.B. Qualit\u00e4t, Farbe, Form etc. stellen keine M\u00e4ngel dar, soweit sie handelsu\u0308blich und dem Kunden zumutbar sind. M\u00e4ngel oder Fehler der gelieferten Ware werden durch Nachbesserung oder Ersatzlieferung nach unserer Wahl beseitigt. Eine Minderung ist grunds\u00e4tzlich ausgeschlossen. Soweit eine solche erfolgt, geschieht dies lediglich aus Kulanzgru\u0308nden in bestimmten Einzel-f\u00e4llen.<br \/>\nDie Gew\u00e4hrleistungszeit betr\u00e4gt fu\u0308r alle neuen Kaufgegenst\u00e4nde 1 Jahr.<br \/>\nDie Abwicklung von Garantieanspru\u0308chen des Kunden au\u00dferhalb der Gew\u00e4hrleistungszeit ist ausgeschlossen. Soweit der K\u00e4ufer seinem Endkunden gegenu\u0308ber Aufwendungen gemacht hat, k\u00f6nnen diese nur insoweit ersetzt werden, als es sich um einen tats\u00e4chlich verschuldensunabh\u00e4ngigen Gew\u00e4hrleistungsfall handelt.<br \/>\nSchadensersatzanspru\u0308che unseres Kunden sind ausgeschlossen, es sei denn sie beruhen auf Vorsatz oder grober Fahrl\u00e4ssigkeit. Dies gilt nicht fu\u0308r Schadensersatzanspru\u0308che bei der Verletzung von Leben, K\u00f6rper oder Gesundheit. In diesen F\u00e4llen gelten die gesetzlichen Vorschriften. Anspru\u0308che, die unter das Produkthaftungs-gesetz fallen, bestehen im gesetzlichen Umfang.<\/p>\n<h2><strong>Zahlungsbedingungen<\/strong><\/h2>\n<p>Der nationale und internationale Versand erfolgt mit der Deutschen Post\/DHL oder einer Spedition.\u00a0Die Kosten des nationalen Versandes werden\u00a0vom Verk\u00e4ufer \u00fcbernommen. Die\u00a0Kosten f\u00fcr den internationalen Versand fragen Sie bitte separat an.\u00a0Holzverstromungsanlage Warburg bietet die Zahlung per Vorkasse an. Aufgrund besonderer Vereinbarungen kann sie dem Kunden die Zahlung nach Rechnungserhalt gew\u00e4hren. Ein Anspruch hierauf besteht nicht.<br \/>\nBei Lieferungen in das EU &#8211; Ausland bietet der Verk\u00e4ufer nur Vorkasse an.<\/p>\n<h2><strong>Urheberrecht<\/strong><\/h2>\n<p>Das Angebot auf dieser Internetpr\u00e4senz von Pflanzenkohle.de und allen u\u0308bergebenen Katalogen wird von Holzverstromungsanlage Warburg bereitgestellt und u\u0308berwacht. Alle Daten, Informationen und das Material auf unserer Internetseite und in u\u0308bergebenen Katalogen sind durch Urheberrechte, Warenzeichen und andere Rechte bezu\u0308glich geistigen Eigentums, die von Holzverstromungsanlage Warburg Parteien gehalten oder kontrolliert werden und fu\u0308r die an Pflanzenkohle.de Lizenzen vergeben wurden, geschu\u0308tzt. Diese Daten du\u0308rfen weder kopiert, vervielf\u00e4ltigt, neu ver\u00f6ffentlicht, herauf geladen, versendet, u\u0308bertragen oder in sonstiger Weise, einschlie\u00dflich Email und anderen elektronische Mitteln, verteilt werden.<\/p>\n<h2><strong>Datenschutz<\/strong><\/h2>\n<p>Ihre zur Vertragserfu\u0308llung notwendigen pers\u00f6nlichen Angaben werden von Holzverstromungsanlage Warburg nur zur Erfu\u0308llung der vertraglichen Pflichten genutzt und nicht an Dritte weitergeben. Ausgenommen sind ausfu\u0308hrende Frachtunternehmen und berechtigte Ermittlungsbeh\u00f6rden im Rahmen eines Strafverfahrens.<br \/>\nWir speichern Ihre Bestelldaten. Sie k\u00f6nnen Ihre Daten jederzeit mittels Email, Telefon, Fax oder auf andere schriftliche Art l\u00f6schen, bearbeiten oder erg\u00e4nzen lassen.<\/p>\n<h2><strong>Eigentumsvorbehalt<\/strong><\/h2>\n<p>Wir behalten uns das Eigentum an der Kaufsache bis zur vollst\u00e4ndigen Bezahlung aller Forderungen aus dem Liefervertrag einschlie\u00dflich Nebenforderungen (z. B. Wechselkosten, Finanzierungskosten, Zinsen usw.) vor. Verh\u00e4lt der K\u00e4ufer sich vertragswidrig, so kann Holzverstromungsanlage Warburg jederzeit die Ru\u0308ckgabe der Kaufsache verlangen.<br \/>\nDies beru\u0308hrt aber nicht eine eventuelle Vereinbarung u\u0308ber eine sofortige Kaufpreiszahlung. In der Zuru\u0308cknahme sowie in der Pf\u00e4ndung der Vorbehaltssache liegt kein Ru\u0308cktritt vom Vertrag vor. Ein etwaiges Ru\u0308cktrittsrecht bleibt dem Verk\u00e4ufer jedoch vorbehalten. Bei Pf\u00e4ndungen oder sonstigen Eingriffen Dritter hat uns der K\u00e4ufer unverzu\u0308glich schriftlich zu benachrichtigen. Im \u00dcbrigen hat er den Pf\u00e4nder bzw. den Dritten auf die bestehenden Rechte von Holzverstromungsanlage Warburg an der Kaufsache hinzuweisen, insbesondere darauf, dass es sich bei der Sache um Vorbehaltsware handelt. Der K\u00e4ufer hat Holzverstromungsanlage Warburg bei der Geltendmachung von Anspru\u0308chen in zumutbarer Weise zu unterstu\u0308tzen.<br \/>\nDer K\u00e4ufer ist berechtigt, die Waren im ordentlichen Gesch\u00e4ftsgang weiter zu verkaufen. Er tritt jedoch bereits jetzt alle Forderungen gegenu\u0308ber seinem Abnehmer oder Dritten aus der Weiterver\u00e4u\u00dferung in H\u00f6he des Faktura &#8211; Endbetrages an uns ab. Im \u00dcbrigen ist die Ware nur unter Eigentumsvorbehalt weiter zu ver\u00e4u\u00dfern.<br \/>\nSoweit die von uns gelieferte Ware oder einzelne Teile dieser gem. \u00a7\u00a7 946 ff. BGB verbunden, verarbeitet oder vermischt werden, wird FIRMA Eigentu\u0308mer bzw. Hersteller der neuen Sache.<\/p>\n<h2><strong>Erfu\u0308llungsort und Gerichtsstand<\/strong><\/h2>\n<p>Erfu\u0308llungsort fu\u0308r die Lieferung ist Warburg. Erfu\u0308llungsort fu\u0308r alle Verpflichtungen des Kunden ist der Sitz unserer Firma. Gerichtsstand ist Sitz von Holzverstromungsanlage Warburg, dies gilt auch ausdru\u0308cklich fu\u0308r alle F\u00e4lle von Urkunden- und Scheckklagen. Holzverstromungsanlage Warburg beh\u00e4lt sich vor, am Sitz des K\u00e4ufers zu klagen.<\/p>\n<h2><strong>Sonstiges<\/strong><\/h2>\n<p>Im grenzu\u0308berschreitenden Lieferverkehr gilt deutsches Recht.[\/vc_column_text][\/vc_column][\/vc_row]<\/p>\n<\/div>","protected":false},"excerpt":{"rendered":"<p>[vc_row][vc_column][vc_empty_space height=&#8220;100px&#8220;][\/vc_column][\/vc_row][vc_row][vc_column][vc_custom_heading text=&#8220;Unsere AGB&#8220; use_theme_fonts=&#8220;yes&#8220;][vc_empty_space][vc_column_text css=&#8220;&#8220;]Allgemeine Gesch\u00e4ftsbedingungen der Firma Holzverstromungsanlage [&hellip;]<\/p>\n","protected":false},"author":1,"featured_media":0,"parent":0,"menu_order":0,"comment_status":"closed","ping_status":"closed","template":"","meta":{"footnotes":""},"class_list":["post-118","page","type-page","status-publish","hentry"],"_links":{"self":[{"href":"https:\/\/pflanzenkohle.de\/index.php\/wp-json\/wp\/v2\/pages\/118","targetHints":{"allow":["GET"]}}],"collection":[{"href":"https:\/\/pflanzenkohle.de\/index.php\/wp-json\/wp\/v2\/pages"}],"about":[{"href":"https:\/\/pflanzenkohle.de\/index.php\/wp-json\/wp\/v2\/types\/page"}],"author":[{"embeddable":true,"href":"https:\/\/pflanzenkohle.de\/index.php\/wp-json\/wp\/v2\/users\/1"}],"replies":[{"embeddable":true,"href":"https:\/\/pflanzenkohle.de\/index.php\/wp-json\/wp\/v2\/comments?post=118"}],"version-history":[{"count":13,"href":"https:\/\/pflanzenkohle.de\/index.php\/wp-json\/wp\/v2\/pages\/118\/revisions"}],"predecessor-version":[{"id":2126,"href":"https:\/\/pflanzenkohle.de\/index.php\/wp-json\/wp\/v2\/pages\/118\/revisions\/2126"}],"wp:attachment":[{"href":"https:\/\/pflanzenkohle.de\/index.php\/wp-json\/wp\/v2\/media?parent=118"}],"curies":[{"name":"wp","href":"https:\/\/api.w.org\/{rel}","templated":true}]}}