{"id":14,"date":"2016-06-03T11:27:49","date_gmt":"2016-06-03T09:27:49","guid":{"rendered":"http:\/\/pflanzenkohle.de\/?page_id=14"},"modified":"2023-02-28T16:24:01","modified_gmt":"2023-02-28T15:24:01","slug":"startseite","status":"publish","type":"page","link":"https:\/\/pflanzenkohle.de\/","title":{"rendered":"Startseite"},"content":{"rendered":"<div class=\"wpb-content-wrapper\"><p>[vc_row][vc_column][vc_column_text]<div class=\"fusion-fullwidth fullwidth-box fusion-builder-row-1 nonhundred-percent-fullwidth non-hundred-percent-height-scrolling\" style=\"background-color: rgba(255,255,255,0);background-position: center center;background-repeat: no-repeat;padding-top:0px;padding-right:0px;padding-bottom:0px;padding-left:0px;margin-bottom: 0px;margin-top: 0px;border-width: 0px 0px 0px 0px;border-color:#eae9e9;border-style:solid;\" ><div class=\"fusion-fullwidth fullwidth-box fusion-builder-row-1-1 fusion-flex-container nonhundred-percent-fullwidth non-hundred-percent-height-scrolling\" style=\"background-color: rgba(255,255,255,0);background-position: center center;background-repeat: no-repeat;border-width: 0px 0px 0px 0px;border-color:#eae9e9;border-style:solid;\" ><style type=\"text\/css\">.fusion-body .fusion-flex-container.fusion-builder-row-1-1{ padding-top : 0px;margin-top : 0px;padding-right : 0px;padding-bottom : 0px;margin-bottom : 0px;padding-left : 0px;}<\/style><\/div><div class=\"fusion-builder-row fusion-row\"><div class=\"fusion-builder-row fusion-row\"><\/div><div class=\"fusion-layout-column fusion_builder_column fusion-builder-column-0 fusion_builder_column_1_1 1_1 fusion-one-full fusion-column-first fusion-column-last\" style=\"margin-top:0px;margin-bottom:0px;\"><div class=\"fusion-column-wrapper fusion-flex-column-wrapper-legacy\" style=\"background-position:left top;background-repeat:no-repeat;-webkit-background-size:cover;-moz-background-size:cover;-o-background-size:cover;background-size:cover;padding: 0px 0px 0px 0px;\"><div class=\"fusion-layout-column fusion_builder_column fusion-builder-column-1 fusion_builder_column_1_1 1_1 fusion-one-full fusion-column-first fusion-column-last\" style=\"margin-top:0px;margin-bottom:0px;\"><div class=\"fusion-column-wrapper fusion-flex-column-wrapper-legacy\" style=\"background-position:left top;background-repeat:no-repeat;-webkit-background-size:cover;-moz-background-size:cover;-o-background-size:cover;background-size:cover;padding: 0px 0px 0px 0px;\"><div class=\"fusion-clearfix\"><\/div><\/div><\/div><div class=\"fusion-text fusion-text-1\"><div class=\"fusion-text fusion-text-1\"><\/div>[\/vc_column_text][\/vc_column][\/vc_row][vc_row full_width=&#8220;stretch_row&#8220; css=&#8220;.vc_custom_1464954631327{padding-top: 20px !important;padding-bottom: 20px !important;background-color: #78a242 !important;}&#8220;][vc_column][vc_custom_heading text=&#8220;Sehr geehrte Damen und Herren,&#8220; font_container=&#8220;tag:h1|font_size:25px|text_align:left|color:%23ffffff|line_height:30px&#8220; use_theme_fonts=&#8220;yes&#8220;][vc_column_text]<span style=\"color: #ffffff;\">Als Vorreiter auf dem Gebiet der stofflichen Verwendung von Pflanzenkohle erhalten Sie bei uns hochwertige Produkte in gepr\u00fcfter Qualit\u00e4t zur Erzielung von bestm\u00f6glichen Ergebnissen.<\/span><br \/>\n<span style=\"color: #ffffff;\">Alle Produkte erhalten Sie versandkostenfrei innerhalb von drei Werktagen.<\/span><br \/>\n<span style=\"color: #ffffff;\">F\u00fcr individuelle Angebote zu Sonderpreisen f\u00fcr besondere Einsatzzwecke und bei Gro\u00dfbestellungen nehmen Sie bitte direkt mit uns Kontakt auf.<\/span><\/p>\n<p><span style=\"color: #ffffff;\">Telefon: 05642 \/ 98 58 18 0 |\u00a0 Mobil: 0160 \/ 96 78 14 74 | E-Mail: <a style=\"color: #ffffff;\" href=\"mailto:info@pflanzenkohle.de\">info(at)pflanzenkohle.de<\/a><\/span>[\/vc_column_text][\/vc_column][\/vc_row][vc_row][vc_column width=&#8220;1\/3&#8243;][vc_single_image image=&#8220;1078&#8243; img_size=&#8220;250&#215;167&#8243; onclick=&#8220;custom_link&#8220; link=&#8220;\/index.php\/pflanzenkohle\/&#8220;][vc_column_text]Pflanzenkohle ist ein hochpor\u00f6ses, aus pflanzlichen Stoffen (Holz) hergestelltes Material, das u.a. als Bodenverbesserer in der Landwirtschaft und im Gartenbau Verwendung findet.[\/vc_column_text][\/vc_column][vc_column width=&#8220;1\/3&#8243;][vc_single_image image=&#8220;1081&#8243; img_size=&#8220;250&#215;167&#8243; onclick=&#8220;custom_link&#8220; link=&#8220;\/index.php\/guellekohle\/&#8220;][vc_column_text]Dank des Einsatzes von Pflanzenkohle und der Steuerung des mikrobiellen Milieus in der G\u00fcllegrube, lassen sich die Stoffkreisl\u00e4ufe schlie\u00dfen. Aus G\u00fclle wird so ein hocheffizientes, nachhaltiges und geruchloses D\u00fcngemittel.[\/vc_column_text][\/vc_column][vc_column width=&#8220;1\/3&#8243;][vc_single_image image=&#8220;1079&#8243; img_size=&#8220;250&#215;167&#8243; onclick=&#8220;custom_link&#8220; link=&#8220;\/index.php\/biogaskohle\/&#8220;][vc_column_text]Die Biogaskohle ist sogenannte Pflanzenkohle, die ein Instrument zur aktiven Kohlendioxidausschleusung aus der Atmosph\u00e4re darstellt.[\/vc_column_text][\/vc_column][\/vc_row][vc_row][vc_column][vc_separator][vc_custom_heading text=&#8220;Pflanzenkohle in den Medien&#8220; font_container=&#8220;tag:h1|font_size:25px|text_align:left|color:%2378a242|line_height:40px&#8220; use_theme_fonts=&#8220;yes&#8220; css=&#8220;.vc_custom_1665563256180{margin-bottom: 2% !important;}&#8220;][vc_masonry_grid post_type=&#8220;post&#8220; max_items=&#8220;1000&#8243; style=&#8220;load-more&#8220; items_per_page=&#8220;3&#8243; item=&#8220;basicGrid_TextFirst&#8220; initial_loading_animation=&#8220;none&#8220; grid_id=&#8220;vc_gid:1677597778403-f79bf2b0-e62e-9&#8243;][\/vc_column][\/vc_row][vc_row][vc_column width=&#8220;1\/2&#8243;][vc_separator][vc_custom_heading text=&#8220;Pflanzenkohle&#8220; font_container=&#8220;tag:h1|font_size:25px|text_align:left|color:%2378a242|line_height:30px&#8220; use_theme_fonts=&#8220;yes&#8220;][vc_column_text]Neueste Untersuchungen zeigen: Pflanzenkohle ist in der Lage, den Boden nachhaltig zu verbessern, h\u00f6here Ertr\u00e4ge zu erm\u00f6glichen und die Ertragssicherheit zu steigern.<\/p>\n<p>Aber auch chemische Prozesse werden durch Pflanzenkohle positiv beeinflusst. So wird CO<sub>2<\/sub> im Boden gebunden, G\u00fclle muss nicht mehr stinken, die Nitratauswaschung ins Grundwasser wird signifikant gesenkt\u00a0und auch die Ertr\u00e4ge einer Biogasanlage lassen sich durch den Einsatz von Biokohle steigern.<\/p>\n<p>Der Einsatz in Garten, Gartenbau und Landwirtschaft bietet langfristige Vorteile f\u00fcr Boden, Umwelt und auch das Klima.[\/vc_column_text][vc_row_inner][vc_column_inner][vc_separator][vc_custom_heading text=&#8220;Terra Preta: Das Geheimnis der schwarzen Erde&#8220; font_container=&#8220;tag:h1|font_size:25px|text_align:left|color:%2378a242|line_height:30px&#8220; use_theme_fonts=&#8220;yes&#8220;][vc_video link=&#8220;https:\/\/www.youtube.com\/watch?v=62JvVt4v-gw&#8220;][\/vc_column_inner][\/vc_row_inner][vc_row_inner][vc_column_inner][vc_separator][vc_custom_heading text=&#8220;Amazonaserde im Allg\u00e4u &#8211; garaTerra Pflanzenkohle&#8220; font_container=&#8220;tag:h1|font_size:25px|text_align:left|color:%2378a242|line_height:30px&#8220; use_theme_fonts=&#8220;yes&#8220;][vc_video link=&#8220;https:\/\/www.youtube.com\/watch?v=HN_2oTsHjFQ&#8220;][\/vc_column_inner][\/vc_row_inner][\/vc_column][vc_column width=&#8220;1\/2&#8243;][vc_row_inner css=&#8220;.vc_custom_1464948589306{margin-top: 2px !important;margin-right: 2px !important;margin-bottom: 2px !important;margin-left: 2px !important;padding-top: 5px !important;padding-right: 5px !important;padding-bottom: 5px !important;padding-left: 5px !important;background-color: #d1d1d1 !important;}&#8220;][vc_column_inner width=&#8220;1\/3&#8243;][vc_single_image image=&#8220;35&#8243; alignment=&#8220;right&#8220;][\/vc_column_inner][vc_column_inner width=&#8220;2\/3&#8243;][vc_custom_heading text=&#8220;Pflanzenkohle in der Biogasanlage&#8220; font_container=&#8220;tag:h1|font_size:25px|text_align:left|color:%23ffffff|line_height:30px&#8220; use_theme_fonts=&#8220;yes&#8220;][vc_column_text]Mit Pflanzenkohle sind auch Ertragssteigerungen in der Biogaserzeugung von 9 bis 24 Prozent m\u00f6glich.<br \/>\nErfahren Sie hier mehr dazu: <a href=\"https:\/\/pflanzenkohle.de\/wp-content\/uploads\/2016\/06\/Artikel-Steigerung-des-Biogasertrages-durch-Pflanzenkohle.pdf\" target=\"_blank\" rel=\"noopener noreferrer\">Artikel-zur-Steigerung-des-Biogasertrages-durch-Pflanzenkohle.pdf<\/a>[\/vc_column_text][\/vc_column_inner][\/vc_row_inner][vc_row_inner css=&#8220;.vc_custom_1464948612221{margin-top: 2px !important;margin-right: 2px !important;margin-bottom: 2px !important;margin-left: 2px !important;padding-top: 5px !important;padding-right: 5px !important;padding-bottom: 5px !important;padding-left: 5px !important;background-color: #d1d1d1 !important;}&#8220;][vc_column_inner width=&#8220;1\/3&#8243;][vc_single_image image=&#8220;39&#8243; alignment=&#8220;right&#8220;][\/vc_column_inner][vc_column_inner width=&#8220;2\/3&#8243;][vc_custom_heading text=&#8220;Pflanzenkohle in der Rinderhaltung&#8220; font_container=&#8220;tag:h1|font_size:25px|text_align:left|color:%23ffffff|line_height:30px&#8220; use_theme_fonts=&#8220;yes&#8220;][vc_column_text]In Europa werden 90% der Pflanzenkohle zuerst in der Tierhaltung und erst danach als Bodenverbesserungsmittel eingesetzt.<br \/>\nWeiterlesen auf <a href=\"http:\/\/www.ithaka-journal.net\/pflanzenkohle-in-der-rinderhaltung\">www.ithaka-journal.net<\/a>[\/vc_column_text][\/vc_column_inner][\/vc_row_inner][vc_row_inner css=&#8220;.vc_custom_1464948621916{margin-top: 2px !important;margin-right: 2px !important;margin-bottom: 2px !important;margin-left: 2px !important;padding-top: 5px !important;padding-right: 5px !important;padding-bottom: 5px !important;padding-left: 5px !important;background-color: #d1d1d1 !important;}&#8220;][vc_column_inner width=&#8220;1\/3&#8243;][vc_single_image image=&#8220;38&#8243; alignment=&#8220;right&#8220;][\/vc_column_inner][vc_column_inner width=&#8220;2\/3&#8243;][vc_custom_heading text=&#8220;Pflanzenkohle in der Gefl\u00fcgelhaltung&#8220; font_container=&#8220;tag:h1|font_size:25px|text_align:left|color:%23ffffff|line_height:30px&#8220; use_theme_fonts=&#8220;yes&#8220;][vc_column_text]Durch die Zugabe von hochpor\u00f6ser Pflanzenkohle lassen sich toxische Ammoniakbelastungen im Stall reduzieren und die Feuchtigkeit der Einstreu regulieren.<br \/>\nWeiterlesen auf <a href=\"http:\/\/www.ithaka-journal.net\/pflanzenkohle-in-der-geflugelhaltung\">www.ithaka-journal.net<\/a>[\/vc_column_text][\/vc_column_inner][\/vc_row_inner][vc_row_inner css=&#8220;.vc_custom_1464948636498{margin-top: 2px !important;margin-right: 2px !important;margin-bottom: 2px !important;margin-left: 2px !important;padding-top: 5px !important;padding-right: 5px !important;padding-bottom: 5px !important;padding-left: 5px !important;background-color: #d1d1d1 !important;}&#8220;][vc_column_inner width=&#8220;1\/3&#8243;][vc_single_image image=&#8220;37&#8243; alignment=&#8220;right&#8220;][\/vc_column_inner][vc_column_inner width=&#8220;2\/3&#8243;][vc_custom_heading text=&#8220;So wirkt Pflanzenkohle in der G\u00fclle&#8220; font_container=&#8220;tag:h1|font_size:25px|text_align:left|color:%23ffffff|line_height:30px&#8220; use_theme_fonts=&#8220;yes&#8220;][vc_column_text]Informationen finden Sie als Pr\u00e4sentation hier unter <a href=\"http:\/\/www.ans-ev.de\/global\/download\/%7BPIUBXFZYYH-1024201215521-JIOKHWJCJL%7D.pdf\">www.ans-ev.de<\/a><\/p>\n<p>Ein Video finden Sie unter: <a href=\"http:\/\/www.youtube.com\/watch?v=G3tuM35WyNg\">Video<\/a>[\/vc_column_text][\/vc_column_inner][\/vc_row_inner][vc_row_inner css=&#8220;.vc_custom_1464948647036{margin-top: 2px !important;margin-right: 2px !important;margin-bottom: 2px !important;margin-left: 2px !important;padding-top: 5px !important;padding-right: 5px !important;padding-bottom: 5px !important;padding-left: 5px !important;background-color: #d1d1d1 !important;}&#8220;][vc_column_inner width=&#8220;1\/3&#8243;][vc_single_image image=&#8220;34&#8243; alignment=&#8220;right&#8220;][\/vc_column_inner][vc_column_inner width=&#8220;2\/3&#8243;][vc_custom_heading text=&#8220;Pflanzenkohle \u2013 ihr segensreicher Weg vom Tierdarm \u00fcber die G\u00fclle in den Ackerboden&#8220; font_container=&#8220;tag:h1|font_size:25px|text_align:left|color:%23ffffff|line_height:30px&#8220; use_theme_fonts=&#8220;yes&#8220;][vc_column_text]Pflanzenkohle kann direkt in die G\u00fclle hineinger\u00fchrt werden, aber viel effektiver ist, sie vorher an Tiere zu verf\u00fcttern, so dass sie mit dem Kot in die G\u00fclle und mit ihr auf die Felder gelangt.<br \/>\nWeiterlesen auf <a href=\"http:\/\/www.provieh.de\/node\/11264\">www.provieh.de<\/a>[\/vc_column_text][\/vc_column_inner][\/vc_row_inner][vc_row_inner css=&#8220;.vc_custom_1464948658209{margin-top: 2px !important;margin-right: 2px !important;margin-bottom: 2px !important;margin-left: 2px !important;padding-top: 5px !important;padding-right: 5px !important;padding-bottom: 5px !important;padding-left: 5px !important;background-color: #d1d1d1 !important;}&#8220;][vc_column_inner width=&#8220;1\/3&#8243;][vc_single_image image=&#8220;40&#8243; alignment=&#8220;right&#8220;][\/vc_column_inner][vc_column_inner width=&#8220;2\/3&#8243;][vc_custom_heading text=&#8220;Pflanzenkohle im Weinanbau&#8220; font_container=&#8220;tag:h1|font_size:25px|text_align:left|color:%23ffffff|line_height:30px&#8220; use_theme_fonts=&#8220;yes&#8220;][vc_column_text]Das Delinat-Institut hat 2011 zahlreiche neue Versuche mit Pflanzenkohle im Weinbau durchgef\u00fchrt. Neben dem Institutsstandort im Wallis wurden auch auf drei repr\u00e4sentativen Weing\u00fctern in Frankreich, Spanien und Italien Langzeit-Feldversuche angelegt.<br \/>\nWeiterlesen auf <a href=\"http:\/\/www.ithaka-journal.net\/pflanzenkohle-im-europaischen-weinbau-ergebnisse-2011\">www.ithaka-journal.net<\/a>[\/vc_column_text][\/vc_column_inner][\/vc_row_inner][\/vc_column][\/vc_row][vc_row][vc_column][vc_column_text]<\/p>\n<\/div><div class=\"fusion-clearfix\"><\/div><\/div><\/div><\/div><\/div>[\/vc_column_text][\/vc_column][\/vc_row]<\/p>\n<\/div>","protected":false},"excerpt":{"rendered":"<p>[vc_row][vc_column][vc_column_text][\/vc_column_text][\/vc_column][\/vc_row]<\/p>\n","protected":false},"author":1,"featured_media":0,"parent":0,"menu_order":0,"comment_status":"closed","ping_status":"closed","template":"","meta":{"footnotes":""},"class_list":["post-14","page","type-page","status-publish","hentry"],"_links":{"self":[{"href":"https:\/\/pflanzenkohle.de\/index.php\/wp-json\/wp\/v2\/pages\/14","targetHints":{"allow":["GET"]}}],"collection":[{"href":"https:\/\/pflanzenkohle.de\/index.php\/wp-json\/wp\/v2\/pages"}],"about":[{"href":"https:\/\/pflanzenkohle.de\/index.php\/wp-json\/wp\/v2\/types\/page"}],"author":[{"embeddable":true,"href":"https:\/\/pflanzenkohle.de\/index.php\/wp-json\/wp\/v2\/users\/1"}],"replies":[{"embeddable":true,"href":"https:\/\/pflanzenkohle.de\/index.php\/wp-json\/wp\/v2\/comments?post=14"}],"version-history":[{"count":135,"href":"https:\/\/pflanzenkohle.de\/index.php\/wp-json\/wp\/v2\/pages\/14\/revisions"}],"predecessor-version":[{"id":1798,"href":"https:\/\/pflanzenkohle.de\/index.php\/wp-json\/wp\/v2\/pages\/14\/revisions\/1798"}],"wp:attachment":[{"href":"https:\/\/pflanzenkohle.de\/index.php\/wp-json\/wp\/v2\/media?parent=14"}],"curies":[{"name":"wp","href":"https:\/\/api.w.org\/{rel}","templated":true}]}}