{"id":1530,"date":"2021-07-01T09:48:58","date_gmt":"2021-07-01T07:48:58","guid":{"rendered":"https:\/\/pflanzenkohle.de\/?page_id=1530"},"modified":"2021-11-17T11:29:20","modified_gmt":"2021-11-17T10:29:20","slug":"negative-co2-emissionen","status":"publish","type":"page","link":"https:\/\/pflanzenkohle.de\/index.php\/negative-co2-emissionen\/","title":{"rendered":"Negative CO2 Emissionen"},"content":{"rendered":"<div class=\"fusion-fullwidth fullwidth-box fusion-builder-row-1 nonhundred-percent-fullwidth non-hundred-percent-height-scrolling\" style=\"background-color: rgba(255,255,255,0);background-position: center center;background-repeat: no-repeat;padding-top:0px;padding-right:0px;padding-bottom:0px;padding-left:0px;margin-bottom: 0px;margin-top: 0px;border-width: 0px 0px 0px 0px;border-color:#eae9e9;border-style:solid;\" ><div class=\"fusion-builder-row fusion-row\"><div class=\"fusion-layout-column fusion_builder_column fusion-builder-column-0 fusion_builder_column_1_1 1_1 fusion-one-full fusion-column-first fusion-column-last\" style=\"margin-top:0px;margin-bottom:0px;\"><div class=\"fusion-column-wrapper fusion-flex-column-wrapper-legacy\" style=\"background-position:left top;background-repeat:no-repeat;-webkit-background-size:cover;-moz-background-size:cover;-o-background-size:cover;background-size:cover;padding: 0px 0px 0px 0px;\"><a class=\"fusion-modal-text-link\" href=\"#\">\n<h2>Negative Co2-Emissionen<\/h2>\n<\/a><div class=\"fusion-text fusion-text-1\"><p><strong>Hier finden Sie Beitr\u00e4ge zum Thema &#8222;Negative CO\u2082 Emissionen&#8220;.<\/strong><br \/>\nNeben der bodenverbessernden Wirkung von Pflanzenkohle ist auch der Bereich der CO\u2082-Bindung sehr wichtig.<\/p>\n<\/div><div class=\"fusion-blog-shortcode fusion-blog-shortcode-1 fusion-blog-archive fusion-blog-layout-large fusion-blog-pagination\"><div class=\"fusion-posts-container fusion-posts-container-pagination fusion-blog-rollover\" data-pages=\"1\"><article id=\"blog-1-post-1564\" class=\"fusion-post-large post-1564 post type-post status-publish format-standard has-post-thumbnail hentry category-allgemein category-negative-co-emissionen\">\n\t<style type=\"text\/css\">\n\t\t\n\t\t\n\t\t\n\t\t\n\t\t\t<\/style>\n\n\n\t\t\t<div class=\"fusion-flexslider flexslider fusion-flexslider-loading fusion-post-slideshow\" style=\"\">\n\t\t<ul class=\"slides\">\n\t\t\t\n\t\t\t\t\t\t\t\t\t\t\t\t\t\t<li><div  class=\"fusion-image-wrapper\" aria-haspopup=\"true\">\n\t\t\t\t<img decoding=\"async\" width=\"1000\" height=\"667\" src=\"https:\/\/pflanzenkohle.de\/wp-content\/uploads\/2017\/04\/feine_Pflanzenkohle_galerie.jpg\" class=\"attachment-full size-full wp-post-image\" alt=\"\" \/><div class=\"fusion-rollover\">\n\t<div class=\"fusion-rollover-content\">\n\n\t\t\t\t\t\t\t\t\t\t\t\t\t\t<a class=\"fusion-rollover-link\" href=\"https:\/\/pflanzenkohle.de\/index.php\/2021\/08\/03\/45t-pflanzenkohle-im-langzeitversuch\/\">45t Pflanzenkohle im Langzeitversuch<\/a>\n\t\t\t\n\t\t\t\t\t\t\t\t\t\t\t\t\t\t\n\t\t\t\t\t\t\t\t\n\t\t\t\t\t\t\t\t\t\t\t\t\t<div class=\"fusion-rollover-sep\"><\/div>\n\t\t\t\t\n\t\t\t\t\t\t\t\t\t\t\t\t\t\t\t\t\t\t<a class=\"fusion-rollover-gallery\" href=\"https:\/\/pflanzenkohle.de\/wp-content\/uploads\/2017\/04\/feine_Pflanzenkohle_galerie.jpg\" data-id=\"1564\" data-rel=\"iLightbox[gallery]\" data-title=\"feine_Pflanzenkohle_galerie\" data-caption=\"\">\n\t\t\t\t\t\tGallerie\t\t\t\t\t<\/a>\n\t\t\t\t\t\t\t\t\t\t\t\t\t\t\n\t\t\n\t\t\t\t\t\t\t\t\t\t\t\t<h4 class=\"fusion-rollover-title\">\n\t\t\t\t\t<a class=\"fusion-rollover-title-link\" href=\"https:\/\/pflanzenkohle.de\/index.php\/2021\/08\/03\/45t-pflanzenkohle-im-langzeitversuch\/\">\n\t\t\t\t\t\t45t Pflanzenkohle im Langzeitversuch\t\t\t\t\t<\/a>\n\t\t\t\t<\/h4>\n\t\t\t\n\t\t\t\t\t\t\t\t\t\t<div class=\"fusion-rollover-categories\"><a href=\"https:\/\/pflanzenkohle.de\/index.php\/category\/allgemein\/\" rel=\"tag\">Allgemein<\/a>, <a href=\"https:\/\/pflanzenkohle.de\/index.php\/category\/negative-co%e2%82%82-emissionen\/\" rel=\"tag\">Negative CO2 Emissionen<\/a><\/div>\t\t\t\t\t\n\t\t\n\t\t\t\t\t\t<a class=\"fusion-link-wrapper\" href=\"https:\/\/pflanzenkohle.de\/index.php\/2021\/08\/03\/45t-pflanzenkohle-im-langzeitversuch\/\" aria-label=\"45t Pflanzenkohle im Langzeitversuch\"><\/a>\n\t<\/div>\n<\/div>\n<\/div>\n<\/li>\n\t\t\t\n\t\t\t\n\t\t\t\t\t\t\t\t\t\t\t\t\t\t\t\t\t\t\t\t\t\t\t\t\t\t\t\t\t\t\t\t\t\t\t\t\t\t\t\t\t\t\t\t\t\t\t\t\t\t\t\t\t\t\t\t\t\t\t\t\t\t\t\t\t\t\t\t<\/ul>\n\t<\/div>\n\t<div class=\"fusion-post-content post-content\"><h2 class=\"blog-shortcode-post-title entry-title\"><a href=\"https:\/\/pflanzenkohle.de\/index.php\/2021\/08\/03\/45t-pflanzenkohle-im-langzeitversuch\/\">45t Pflanzenkohle im Langzeitversuch<\/a><\/h2><div class=\"fusion-post-content-container\"><p> Quelle: https:\/\/www.schweizerbauer.ch\/ Das Forschungsinstitut f\u00fcr biologischen Landbau (FiBL) Schweiz [...]<\/p><\/div><\/div><div class=\"fusion-clearfix\"><\/div><div class=\"fusion-meta-info\"><div class=\"fusion-alignleft\">By <span><a href=\"https:\/\/pflanzenkohle.de\/index.php\/author\/ruben\/\" title=\"Beitr\u00e4ge von Ruben Emme\" rel=\"author\">Ruben Emme<\/a><\/span><span class=\"fusion-inline-sep\">|<\/span><span class=\"updated\" style=\"display:none;\">2022-10-12T10:46:25+02:00<\/span><span>03. August 2021<\/span><span class=\"fusion-inline-sep\">|<\/span>Categories: <a href=\"https:\/\/pflanzenkohle.de\/index.php\/category\/allgemein\/\" rel=\"category tag\">Allgemein<\/a>, <a href=\"https:\/\/pflanzenkohle.de\/index.php\/category\/negative-co%e2%82%82-emissionen\/\" rel=\"category tag\">Negative CO2 Emissionen<\/a><span class=\"fusion-inline-sep\">|<\/span><span class=\"fusion-comments\"><a href=\"https:\/\/pflanzenkohle.de\/index.php\/2021\/08\/03\/45t-pflanzenkohle-im-langzeitversuch\/#respond\">0 Comments<\/a><\/span><\/div><div class=\"fusion-alignright\"><a class=\"fusion-read-more\" href=\"https:\/\/pflanzenkohle.de\/index.php\/2021\/08\/03\/45t-pflanzenkohle-im-langzeitversuch\/\" aria-label=\"More on 45t Pflanzenkohle im Langzeitversuch\">Read More<\/a><\/div><\/div><\/article>\n<article id=\"blog-1-post-1562\" class=\"fusion-post-large post-1562 post type-post status-publish format-standard has-post-thumbnail hentry category-allgemein category-negative-co-emissionen\">\n\t<style type=\"text\/css\">\n\t\t\n\t\t\n\t\t\n\t\t\n\t\t\t<\/style>\n\n\n\t\t\t<div class=\"fusion-flexslider flexslider fusion-flexslider-loading fusion-post-slideshow\" style=\"\">\n\t\t<ul class=\"slides\">\n\t\t\t\n\t\t\t\t\t\t\t\t\t\t\t\t\t\t<li><div  class=\"fusion-image-wrapper\" aria-haspopup=\"true\">\n\t\t\t\t<img decoding=\"async\" width=\"3471\" height=\"2314\" src=\"https:\/\/pflanzenkohle.de\/wp-content\/uploads\/2016\/06\/grobe_pflanzenkohle1.jpg\" class=\"attachment-full size-full wp-post-image\" alt=\"\" \/><div class=\"fusion-rollover\">\n\t<div class=\"fusion-rollover-content\">\n\n\t\t\t\t\t\t\t\t\t\t\t\t\t\t<a class=\"fusion-rollover-link\" href=\"https:\/\/pflanzenkohle.de\/index.php\/2021\/08\/03\/pflanzenkohle-co2-sparen-und-den-boden-verbessern\/\">Pflanzenkohle: CO2 sparen und den Boden verbessern<\/a>\n\t\t\t\n\t\t\t\t\t\t\t\t\t\t\t\t\t\t\n\t\t\t\t\t\t\t\t\n\t\t\t\t\t\t\t\t\t\t\t\t\t<div class=\"fusion-rollover-sep\"><\/div>\n\t\t\t\t\n\t\t\t\t\t\t\t\t\t\t\t\t\t\t\t\t\t\t<a class=\"fusion-rollover-gallery\" href=\"https:\/\/pflanzenkohle.de\/wp-content\/uploads\/2016\/06\/grobe_pflanzenkohle1.jpg\" data-id=\"1562\" data-rel=\"iLightbox[gallery]\" data-title=\"grobe_pflanzenkohle1\" data-caption=\"Pflanzenkohle k\u00f6nnte zuk\u00fcnftig eine umweltfreundliche Alternative zu mineralischem Stickstoffd\u00fcnger bieten \">\n\t\t\t\t\t\tGallerie\t\t\t\t\t<\/a>\n\t\t\t\t\t\t\t\t\t\t\t\t\t\t\n\t\t\n\t\t\t\t\t\t\t\t\t\t\t\t<h4 class=\"fusion-rollover-title\">\n\t\t\t\t\t<a class=\"fusion-rollover-title-link\" href=\"https:\/\/pflanzenkohle.de\/index.php\/2021\/08\/03\/pflanzenkohle-co2-sparen-und-den-boden-verbessern\/\">\n\t\t\t\t\t\tPflanzenkohle: CO2 sparen und den Boden verbessern\t\t\t\t\t<\/a>\n\t\t\t\t<\/h4>\n\t\t\t\n\t\t\t\t\t\t\t\t\t\t<div class=\"fusion-rollover-categories\"><a href=\"https:\/\/pflanzenkohle.de\/index.php\/category\/allgemein\/\" rel=\"tag\">Allgemein<\/a>, <a href=\"https:\/\/pflanzenkohle.de\/index.php\/category\/negative-co%e2%82%82-emissionen\/\" rel=\"tag\">Negative CO2 Emissionen<\/a><\/div>\t\t\t\t\t\n\t\t\n\t\t\t\t\t\t<a class=\"fusion-link-wrapper\" href=\"https:\/\/pflanzenkohle.de\/index.php\/2021\/08\/03\/pflanzenkohle-co2-sparen-und-den-boden-verbessern\/\" aria-label=\"Pflanzenkohle: CO2 sparen und den Boden verbessern\"><\/a>\n\t<\/div>\n<\/div>\n<\/div>\n<\/li>\n\t\t\t\n\t\t\t\n\t\t\t\t\t\t\t\t\t\t\t\t\t\t\t\t\t\t\t\t\t\t\t\t\t\t\t\t\t\t\t\t\t\t\t\t\t\t\t\t\t\t\t\t\t\t\t\t\t\t\t\t\t\t\t\t\t\t\t\t\t\t\t\t\t\t\t\t<\/ul>\n\t<\/div>\n\t<div class=\"fusion-post-content post-content\"><h2 class=\"blog-shortcode-post-title entry-title\"><a href=\"https:\/\/pflanzenkohle.de\/index.php\/2021\/08\/03\/pflanzenkohle-co2-sparen-und-den-boden-verbessern\/\">Pflanzenkohle: CO2 sparen und den Boden verbessern<\/a><\/h2><div class=\"fusion-post-content-container\"><p>Kohle aus Forst und Ernteabf\u00e4llen hat viele Vorteile. Der Rohstoff [...]<\/p><\/div><\/div><div class=\"fusion-clearfix\"><\/div><div class=\"fusion-meta-info\"><div class=\"fusion-alignleft\">By <span><a href=\"https:\/\/pflanzenkohle.de\/index.php\/author\/ruben\/\" title=\"Beitr\u00e4ge von Ruben Emme\" rel=\"author\">Ruben Emme<\/a><\/span><span class=\"fusion-inline-sep\">|<\/span><span class=\"updated\" style=\"display:none;\">2021-08-03T09:31:01+02:00<\/span><span>03. August 2021<\/span><span class=\"fusion-inline-sep\">|<\/span>Categories: <a href=\"https:\/\/pflanzenkohle.de\/index.php\/category\/allgemein\/\" rel=\"category tag\">Allgemein<\/a>, <a href=\"https:\/\/pflanzenkohle.de\/index.php\/category\/negative-co%e2%82%82-emissionen\/\" rel=\"category tag\">Negative CO2 Emissionen<\/a><span class=\"fusion-inline-sep\">|<\/span><span class=\"fusion-comments\"><a href=\"https:\/\/pflanzenkohle.de\/index.php\/2021\/08\/03\/pflanzenkohle-co2-sparen-und-den-boden-verbessern\/#respond\">0 Comments<\/a><\/span><\/div><div class=\"fusion-alignright\"><a class=\"fusion-read-more\" href=\"https:\/\/pflanzenkohle.de\/index.php\/2021\/08\/03\/pflanzenkohle-co2-sparen-und-den-boden-verbessern\/\" aria-label=\"More on Pflanzenkohle: CO2 sparen und den Boden verbessern\">Read More<\/a><\/div><\/div><\/article>\n<article id=\"blog-1-post-1526\" class=\"fusion-post-large post-1526 post type-post status-publish format-video has-post-thumbnail hentry category-allgemein category-negative-co-emissionen category-pflnazenkohle-medien post_format-post-format-video\">\n\t<style type=\"text\/css\">\n\t\t\n\t\t\n\t\t\n\t\t\n\t\t\t<\/style>\n\n\n\t\t\t<div class=\"fusion-flexslider flexslider fusion-flexslider-loading fusion-post-slideshow\" style=\"\">\n\t\t<ul class=\"slides\">\n\t\t\t\n\t\t\t\t\t\t\t\t\t\t\t\t\t\t<li><div  class=\"fusion-image-wrapper\" aria-haspopup=\"true\">\n\t\t\t\t<img decoding=\"async\" width=\"1280\" height=\"720\" src=\"https:\/\/pflanzenkohle.de\/wp-content\/uploads\/2021\/07\/fog-4222701_1280.jpg\" class=\"attachment-full size-full wp-post-image\" alt=\"\" srcset=\"https:\/\/pflanzenkohle.de\/wp-content\/uploads\/2021\/07\/fog-4222701_1280-200x113.jpg 200w, https:\/\/pflanzenkohle.de\/wp-content\/uploads\/2021\/07\/fog-4222701_1280-400x225.jpg 400w, https:\/\/pflanzenkohle.de\/wp-content\/uploads\/2021\/07\/fog-4222701_1280-600x338.jpg 600w, https:\/\/pflanzenkohle.de\/wp-content\/uploads\/2021\/07\/fog-4222701_1280-800x450.jpg 800w, https:\/\/pflanzenkohle.de\/wp-content\/uploads\/2021\/07\/fog-4222701_1280-1200x675.jpg 1200w, https:\/\/pflanzenkohle.de\/wp-content\/uploads\/2021\/07\/fog-4222701_1280.jpg 1280w\" sizes=\"(max-width: 800px) 100vw, 1280px\" \/><div class=\"fusion-rollover\">\n\t<div class=\"fusion-rollover-content\">\n\n\t\t\t\t\t\t\t\t\t\t\t\t\t\t<a class=\"fusion-rollover-link\" href=\"https:\/\/pflanzenkohle.de\/index.php\/2021\/07\/01\/pflanzenkohle-als-klimaretter\/\">Pflanzenkohle als Klimaretter?<\/a>\n\t\t\t\n\t\t\t\t\t\t\t\t\t\t\t\t\t\t\n\t\t\t\t\t\t\t\t\n\t\t\t\t\t\t\t\t\t\t\t\t\t<div class=\"fusion-rollover-sep\"><\/div>\n\t\t\t\t\n\t\t\t\t\t\t\t\t\t\t\t\t\t\t\t\t\t\t<a class=\"fusion-rollover-gallery\" href=\"https:\/\/pflanzenkohle.de\/wp-content\/uploads\/2021\/07\/fog-4222701_1280.jpg\" data-id=\"1526\" data-rel=\"iLightbox[gallery]\" data-title=\"fog-4222701_1280\" data-caption=\"\">\n\t\t\t\t\t\tGallerie\t\t\t\t\t<\/a>\n\t\t\t\t\t\t\t\t\t\t\t\t\t\t\n\t\t\n\t\t\t\t\t\t\t\t\t\t\t\t<h4 class=\"fusion-rollover-title\">\n\t\t\t\t\t<a class=\"fusion-rollover-title-link\" href=\"https:\/\/pflanzenkohle.de\/index.php\/2021\/07\/01\/pflanzenkohle-als-klimaretter\/\">\n\t\t\t\t\t\tPflanzenkohle als Klimaretter?\t\t\t\t\t<\/a>\n\t\t\t\t<\/h4>\n\t\t\t\n\t\t\t\t\t\t\t\t\t\t<div class=\"fusion-rollover-categories\"><a href=\"https:\/\/pflanzenkohle.de\/index.php\/category\/allgemein\/\" rel=\"tag\">Allgemein<\/a>, <a href=\"https:\/\/pflanzenkohle.de\/index.php\/category\/negative-co%e2%82%82-emissionen\/\" rel=\"tag\">Negative CO2 Emissionen<\/a>, <a href=\"https:\/\/pflanzenkohle.de\/index.php\/category\/pflnazenkohle-medien\/\" rel=\"tag\">Pflanzenkohle in den Medien<\/a><\/div>\t\t\t\t\t\n\t\t\n\t\t\t\t\t\t<a class=\"fusion-link-wrapper\" href=\"https:\/\/pflanzenkohle.de\/index.php\/2021\/07\/01\/pflanzenkohle-als-klimaretter\/\" aria-label=\"Pflanzenkohle als Klimaretter?\"><\/a>\n\t<\/div>\n<\/div>\n<\/div>\n<\/li>\n\t\t\t\n\t\t\t\n\t\t\t\t\t\t\t\t\t\t\t\t\t\t\t\t\t\t\t\t\t\t\t\t\t\t\t\t\t\t\t\t\t\t\t\t\t\t\t\t\t\t\t\t\t\t\t\t\t\t\t\t\t\t\t\t\t\t\t\t\t\t\t\t\t\t\t\t<\/ul>\n\t<\/div>\n\t<div class=\"fusion-post-content post-content\"><h2 class=\"blog-shortcode-post-title entry-title\"><a href=\"https:\/\/pflanzenkohle.de\/index.php\/2021\/07\/01\/pflanzenkohle-als-klimaretter\/\">Pflanzenkohle als Klimaretter?<\/a><\/h2><div class=\"fusion-post-content-container\"><p>Quelle: alles wissen \u2022 hr-fernsehen Um die Klimaerw\u00e4rmung einzud\u00e4mmen, m\u00fcssen [...]<\/p><\/div><\/div><div class=\"fusion-clearfix\"><\/div><div class=\"fusion-meta-info\"><div class=\"fusion-alignleft\">By <span><a href=\"https:\/\/pflanzenkohle.de\/index.php\/author\/ruben\/\" title=\"Beitr\u00e4ge von Ruben Emme\" rel=\"author\">Ruben Emme<\/a><\/span><span class=\"fusion-inline-sep\">|<\/span><span class=\"updated\" style=\"display:none;\">2021-07-01T09:55:46+02:00<\/span><span>01. Juli 2021<\/span><span class=\"fusion-inline-sep\">|<\/span>Categories: <a href=\"https:\/\/pflanzenkohle.de\/index.php\/category\/allgemein\/\" rel=\"category tag\">Allgemein<\/a>, <a href=\"https:\/\/pflanzenkohle.de\/index.php\/category\/negative-co%e2%82%82-emissionen\/\" rel=\"category tag\">Negative CO2 Emissionen<\/a>, <a href=\"https:\/\/pflanzenkohle.de\/index.php\/category\/pflnazenkohle-medien\/\" rel=\"category tag\">Pflanzenkohle in den Medien<\/a><span class=\"fusion-inline-sep\">|<\/span><span class=\"fusion-comments\"><a href=\"https:\/\/pflanzenkohle.de\/index.php\/2021\/07\/01\/pflanzenkohle-als-klimaretter\/#respond\">0 Comments<\/a><\/span><\/div><div class=\"fusion-alignright\"><a class=\"fusion-read-more\" href=\"https:\/\/pflanzenkohle.de\/index.php\/2021\/07\/01\/pflanzenkohle-als-klimaretter\/\" aria-label=\"More on Pflanzenkohle als Klimaretter?\">Read More<\/a><\/div><\/div><\/article>\n<article id=\"blog-1-post-1521\" class=\"fusion-post-large post-1521 post type-post status-publish format-link has-post-thumbnail hentry category-allgemein category-negative-co-emissionen category-pflnazenkohle-medien post_format-post-format-link\">\n\t<style type=\"text\/css\">\n\t\t\n\t\t\n\t\t\n\t\t\n\t\t\t<\/style>\n\n\n\t\t\t<div class=\"fusion-flexslider flexslider fusion-flexslider-loading fusion-post-slideshow\" style=\"\">\n\t\t<ul class=\"slides\">\n\t\t\t\n\t\t\t\t\t\t\t\t\t\t\t\t\t\t<li><div  class=\"fusion-image-wrapper\" aria-haspopup=\"true\">\n\t\t\t\t<img decoding=\"async\" width=\"3471\" height=\"2314\" src=\"https:\/\/pflanzenkohle.de\/wp-content\/uploads\/2016\/06\/grobe_pflanzenkohle1.jpg\" class=\"attachment-full size-full wp-post-image\" alt=\"\" \/><div class=\"fusion-rollover\">\n\t<div class=\"fusion-rollover-content\">\n\n\t\t\t\t\t\t\t\t\t\t\t\t\t\t<a class=\"fusion-rollover-link\" href=\"https:\/\/pflanzenkohle.de\/index.php\/2021\/07\/01\/innovative-geschaeftsideen-rund-um-pflanzenkohle\/\">Innovative Gesch\u00e4ftsideen rund um Pflanzenkohle<\/a>\n\t\t\t\n\t\t\t\t\t\t\t\t\t\t\t\t\t\t\n\t\t\t\t\t\t\t\t\n\t\t\t\t\t\t\t\t\t\t\t\t\t<div class=\"fusion-rollover-sep\"><\/div>\n\t\t\t\t\n\t\t\t\t\t\t\t\t\t\t\t\t\t\t\t\t\t\t<a class=\"fusion-rollover-gallery\" href=\"https:\/\/pflanzenkohle.de\/wp-content\/uploads\/2016\/06\/grobe_pflanzenkohle1.jpg\" data-id=\"1521\" data-rel=\"iLightbox[gallery]\" data-title=\"grobe_pflanzenkohle1\" data-caption=\"Pflanzenkohle k\u00f6nnte zuk\u00fcnftig eine umweltfreundliche Alternative zu mineralischem Stickstoffd\u00fcnger bieten \">\n\t\t\t\t\t\tGallerie\t\t\t\t\t<\/a>\n\t\t\t\t\t\t\t\t\t\t\t\t\t\t\n\t\t\n\t\t\t\t\t\t\t\t\t\t\t\t<h4 class=\"fusion-rollover-title\">\n\t\t\t\t\t<a class=\"fusion-rollover-title-link\" href=\"https:\/\/pflanzenkohle.de\/index.php\/2021\/07\/01\/innovative-geschaeftsideen-rund-um-pflanzenkohle\/\">\n\t\t\t\t\t\tInnovative Gesch\u00e4ftsideen rund um Pflanzenkohle\t\t\t\t\t<\/a>\n\t\t\t\t<\/h4>\n\t\t\t\n\t\t\t\t\t\t\t\t\t\t<div class=\"fusion-rollover-categories\"><a href=\"https:\/\/pflanzenkohle.de\/index.php\/category\/allgemein\/\" rel=\"tag\">Allgemein<\/a>, <a href=\"https:\/\/pflanzenkohle.de\/index.php\/category\/negative-co%e2%82%82-emissionen\/\" rel=\"tag\">Negative CO2 Emissionen<\/a>, <a href=\"https:\/\/pflanzenkohle.de\/index.php\/category\/pflnazenkohle-medien\/\" rel=\"tag\">Pflanzenkohle in den Medien<\/a><\/div>\t\t\t\t\t\n\t\t\n\t\t\t\t\t\t<a class=\"fusion-link-wrapper\" href=\"https:\/\/pflanzenkohle.de\/index.php\/2021\/07\/01\/innovative-geschaeftsideen-rund-um-pflanzenkohle\/\" aria-label=\"Innovative Gesch\u00e4ftsideen rund um Pflanzenkohle\"><\/a>\n\t<\/div>\n<\/div>\n<\/div>\n<\/li>\n\t\t\t\n\t\t\t\n\t\t\t\t\t\t\t\t\t\t\t\t\t\t\t\t\t\t\t\t\t\t\t\t\t\t\t\t\t\t\t\t\t\t\t\t\t\t\t\t\t\t\t\t\t\t\t\t\t\t\t\t\t\t\t\t\t\t\t\t\t\t\t\t\t\t\t\t<\/ul>\n\t<\/div>\n\t<div class=\"fusion-post-content post-content\"><h2 class=\"blog-shortcode-post-title entry-title\"><a href=\"https:\/\/pflanzenkohle.de\/index.php\/2021\/07\/01\/innovative-geschaeftsideen-rund-um-pflanzenkohle\/\">Innovative Gesch\u00e4ftsideen rund um Pflanzenkohle<\/a><\/h2><div class=\"fusion-post-content-container\"><p>Informationsdienst Wissenschaft Die Umwandlung (Pyrolyse) von Pflanzen zu Kohle bindet [...]<\/p><\/div><\/div><div class=\"fusion-clearfix\"><\/div><div class=\"fusion-meta-info\"><div class=\"fusion-alignleft\">By <span><a href=\"https:\/\/pflanzenkohle.de\/index.php\/author\/ruben\/\" title=\"Beitr\u00e4ge von Ruben Emme\" rel=\"author\">Ruben Emme<\/a><\/span><span class=\"fusion-inline-sep\">|<\/span><span class=\"updated\" style=\"display:none;\">2021-07-01T09:44:56+02:00<\/span><span>01. Juli 2021<\/span><span class=\"fusion-inline-sep\">|<\/span>Categories: <a href=\"https:\/\/pflanzenkohle.de\/index.php\/category\/allgemein\/\" rel=\"category tag\">Allgemein<\/a>, <a href=\"https:\/\/pflanzenkohle.de\/index.php\/category\/negative-co%e2%82%82-emissionen\/\" rel=\"category tag\">Negative CO2 Emissionen<\/a>, <a href=\"https:\/\/pflanzenkohle.de\/index.php\/category\/pflnazenkohle-medien\/\" rel=\"category tag\">Pflanzenkohle in den Medien<\/a><span class=\"fusion-inline-sep\">|<\/span><span class=\"fusion-comments\"><a href=\"https:\/\/pflanzenkohle.de\/index.php\/2021\/07\/01\/innovative-geschaeftsideen-rund-um-pflanzenkohle\/#respond\">0 Comments<\/a><\/span><\/div><div class=\"fusion-alignright\"><a class=\"fusion-read-more\" href=\"https:\/\/pflanzenkohle.de\/index.php\/2021\/07\/01\/innovative-geschaeftsideen-rund-um-pflanzenkohle\/\" aria-label=\"More on Innovative Gesch\u00e4ftsideen rund um Pflanzenkohle\">Read More<\/a><\/div><\/div><\/article>\n<\/div><\/div><div class=\"fusion-clearfix\"><\/div><\/div><\/div><\/div><\/div>\n","protected":false},"excerpt":{"rendered":"Informationsdienst Wissenschaft Die Umwandlung (Pyrolyse) von Pflanzen zu Kohle bindet [...]","protected":false},"author":173,"featured_media":0,"parent":0,"menu_order":0,"comment_status":"closed","ping_status":"closed","template":"","meta":{"footnotes":""},"class_list":["post-1530","page","type-page","status-publish","hentry"],"_links":{"self":[{"href":"https:\/\/pflanzenkohle.de\/index.php\/wp-json\/wp\/v2\/pages\/1530","targetHints":{"allow":["GET"]}}],"collection":[{"href":"https:\/\/pflanzenkohle.de\/index.php\/wp-json\/wp\/v2\/pages"}],"about":[{"href":"https:\/\/pflanzenkohle.de\/index.php\/wp-json\/wp\/v2\/types\/page"}],"author":[{"embeddable":true,"href":"https:\/\/pflanzenkohle.de\/index.php\/wp-json\/wp\/v2\/users\/173"}],"replies":[{"embeddable":true,"href":"https:\/\/pflanzenkohle.de\/index.php\/wp-json\/wp\/v2\/comments?post=1530"}],"version-history":[{"count":7,"href":"https:\/\/pflanzenkohle.de\/index.php\/wp-json\/wp\/v2\/pages\/1530\/revisions"}],"predecessor-version":[{"id":1587,"href":"https:\/\/pflanzenkohle.de\/index.php\/wp-json\/wp\/v2\/pages\/1530\/revisions\/1587"}],"wp:attachment":[{"href":"https:\/\/pflanzenkohle.de\/index.php\/wp-json\/wp\/v2\/media?parent=1530"}],"curies":[{"name":"wp","href":"https:\/\/api.w.org\/{rel}","templated":true}]}}