{"id":16,"date":"2016-06-03T11:28:13","date_gmt":"2016-06-03T09:28:13","guid":{"rendered":"http:\/\/pflanzenkohle.de\/?page_id=16"},"modified":"2022-10-18T11:45:40","modified_gmt":"2022-10-18T09:45:40","slug":"pflanzenkohle","status":"publish","type":"page","link":"https:\/\/pflanzenkohle.de\/index.php\/pflanzenkohle\/","title":{"rendered":"Pflanzenkohle"},"content":{"rendered":"<div class=\"wpb-content-wrapper\"><p>[vc_row][vc_column][vc_empty_space height=&#8220;100px&#8220;][vc_text_separator title=&#8220;Pflanzenkohle&#8220;][vc_empty_space][\/vc_column][\/vc_row][vc_row][vc_column][vc_row_inner][vc_column_inner width=&#8220;1\/2&#8243;][vc_custom_heading text=&#8220;Was ist Pflanzenkohle?&#8220; font_container=&#8220;tag:h1|font_size:25px|text_align:left|color:%2378a242|line_height:30px&#8220; use_theme_fonts=&#8220;yes&#8220;][vc_column_text]Pflanzenkohle ist ein hochpor\u00f6ses, aus pflanzlichen Stoffen (Holz) hergestelltes Material, das u.a. als Bodenverbesserer in der Landwirtschaft und im Gartenbau Verwendung findet. Pflanzenkohle lockert den Boden. Pflanzenkohle bindet N\u00e4hrstoffen, Wasser und CO<sub>2.<\/sub> Diese werden von den Pflanzen nach Bedarf aufgenommen und k\u00f6nnen auf nat\u00fcrlichem Wege zu einem h\u00f6heren Ertrag f\u00fchren.<\/p>\n<p>Bereits seit vielen Jahrhunderten wird Pflanzenkohle auch zur akuten Behandlung von Tieren eingesetzt. In den letzten Jahren wird sie nun vermehrt als Futterzusatz verabreicht.<\/p>\n<p>Laut Ithaka Journal sind folgende positive Wirkungen von Pflanzenkohle als Futterzusatz belegt:<\/p>\n<ul>\n<li>Zunahme der Futteraufnahme<\/li>\n<li>Gewichtszunahme<\/li>\n<li>Erh\u00f6hung der Futtereffizienz<\/li>\n<li>St\u00e4rkung des Immunsystems<\/li>\n<li>Zunahme der Eierproduktion und Eierqualit\u00e4t bei Gefl\u00fcgel<\/li>\n<li>Verbesserung der Fleischqualit\u00e4t<\/li>\n<li>Verbesserung der Stallhygiene und der Geruchsbelas\u00adtung<\/li>\n<li>Verringerung der Klauen- und Fu\u00dfballenkrankheiten<\/li>\n<li>Verringerung der Tierarztkosten<\/li>\n<\/ul>\n<p>Die Kaskadennutzung in der Tierhaltung ist eine besonders wirtschaftliche und \u00f6kologisch nutzbringende M\u00f6glichkeit, die Pflanzenkohle vor der Anwendung als Bodenverbesserer einzusetzen<strong>.<\/strong><\/p>\n<p>Die Pflanzenkohle kann dabei als Siliermittel, Futtermittel, in der Einstreu, zur G\u00fcllebehandlung und als Kompostzusatz eingesetzt werden.[\/vc_column_text][vc_btn title=&#8220;Zu unseren Produkten im Shop&#8220; link=&#8220;url:%2Findex.php%2Fprodukt-kategorie%2Fpflanzenkohle%2F|||&#8220;][\/vc_column_inner][vc_column_inner width=&#8220;1\/2&#8243;][vc_column_text][\/vc_column_text][vc_single_image image=&#8220;1078&#8243; img_size=&#8220;large&#8220; alignment=&#8220;right&#8220;][\/vc_column_inner][\/vc_row_inner][\/vc_column][\/vc_row][vc_row][vc_column][vc_empty_space][vc_separator][vc_empty_space][\/vc_column][\/vc_row][vc_row][vc_column][vc_custom_heading text=&#8220;Gut f\u00fcr Pflanzen, Boden und Klima&#8220; font_container=&#8220;tag:h1|font_size:25px|text_align:left|color:%2378a242|line_height:30px&#8220; use_theme_fonts=&#8220;yes&#8220;][vc_empty_space][vc_row_inner][vc_column_inner width=&#8220;1\/2&#8243;][vc_column_text]Mit Pflanzenkohle beginnt der Klimaschutz schon im Blumenkasten, auf Terrassen und Balkonen. F\u00fcr die Gewinnung von Pflanzenkohle werden Holzhackschnitzel aus chemisch unbehandeltem Holz verwendet, welches aus Wald- und Heckenschnitt stammt. Diese Holzhackschnitzel unterliegen strengen Kontrollen.<\/p>\n<p>Mit jedem Kilogramm Pflanzenkohle im Boden wird langfristig der Atmosph\u00e4re CO<sub>2 <\/sub>entzogen, da dies von den Pflanzen aufgenommen wird. Die Pflanzen produzieren durch die Photosynthese Sauerstoff. Der Kohlenstoff wird in der Pflanzenkohle gespeichert.<\/p>\n<p>Pflanzenkohle ist ein Naturspeicher f\u00fcr CO<sub>2<\/sub>.<\/p>\n<p>Durch die Verkohlung werden organische Substanzen in eine dauerstabile Form gebracht. In den Nischen der hochpor\u00f6sen Kohle, finden Bodenbakterien und Mikroorganismen einen gesch\u00fctzten Lebensraum und k\u00f6nnen sich dort vermehren.<\/p>\n<p>Pflanzenkohle ist wie ein Schwamm, der N\u00e4hrstoffe und Wasser aufsaugt und diese bei Bedarf an die Pflanzen abgibt. Vor der Einarbeitung in den Boden, sollte die Pflanzenkohle m\u00f6glichst mit organischen N\u00e4hrstoffen aufgeladen werden. Die Aufladung mit Stickstoff geschieht am besten durch Vermischung mit Kompost, Stallmist oder organischem D\u00fcnger. Insgesamt sollte die Pflanzenkohle mit mindestens 1% Stickstoff aufgeladen sein, um optimale Ergebnisse zu erhalten. Die N\u00e4hrstoffumsetzung f\u00fcr die Pflanzen wird erheblich gef\u00f6rdert. Durch die kr\u00e4ftige Wurzelbildung nehmen die Pflanzen die Mineralstoffe und das Wasser besser auf und sind wirksamer gegen Pflanzensch\u00e4dlinge gesch\u00fctzt. Da die Kohle bis zur 5fachen Menge ihres Eigengewichtes an Wasser und den darin gel\u00f6sten N\u00e4hrstoffen aufnehmen kann, sorgt sie f\u00fcr erh\u00f6htes Wasserspeicherverm\u00f6gen von sandigen B\u00f6den. Aufgrund ihrer Struktur erm\u00f6glicht sie eine h\u00f6here Bodendurchl\u00fcftung und somit eine deutliche Auflockerung von schweren B\u00f6den.<\/p>\n<p>Durch die Aufnahme der N\u00e4hrstoffe und der ausreichenden Bew\u00e4sserung im Boden, f\u00f6rdert sie den Wachstumstrieb der Pflanzen. Sie erhalten h\u00f6here Ertr\u00e4ge bei Gem\u00fcsepflanzen und \u00fcppigeren Pflanzenwuchs bei Zierpflanzen. Pflanzenkohle ist ein Bodenverbesserer!<\/p>\n<p>Pflanzenkohle hat lt. neuen wissenschaftlichen Ergebnissen (Dr. C. Kammann et al.) auch eine ausgezeichnete Speicherf\u00e4higkeit f\u00fcr Stickstoff (N), wodurch die Nitratauswaschung ins Grundwasser signifikant gesenkt wird.[\/vc_column_text][\/vc_column_inner][vc_column_inner width=&#8220;1\/2&#8243;][vc_column_text]Aktivierung der Pflanzenkohle vor dem Einbringen im Boden<\/p>\n<p>Nach der Pyrolyse bei einer Temperatur von 500 C\u00b0 \u2013 800 C\u00b0, ist die Pflanzenkohle biologisch tot. Um Mikroorganismen neu anzusiedeln, wird die Pflanzenkohle mit Mist, Urin,\u00a0Kompost oder \u00dcberresten einer Biogasanlage gemischt und bei Umgebungstemperatur fermentiert. Wichtig ist die Zugabe von ausreichend Wasser, damit sich die N\u00e4hrstoffe l\u00f6sen und in der Kohle ansiedeln k\u00f6nnen. Um sich mit N\u00e4hrstoffen, Pilzen und Bakterien zu aufzuladen, ben\u00f6tigt die Pflanzenkohle mindestens 14 Tage.<\/p>\n<p>Herstellung von Terra Preta (Schwarzerde)<\/p>\n<p><span style=\"color: #666666; font-family: 'Arial','sans-serif'; font-size: 10.5pt;\">organische Stoffe (z.B.\u00a0Garten- und K\u00fcchenabf\u00e4lle, Mist, Urin,\u00a0G\u00fclle\u00a0oder \u00dcberreste aus der Biogasanlage),\u00a0ca. 10-15%\u00a0Pflanzenkohle und\u00a0ca. 5% Steinmehl\u00a0schichtweise auftragen.\u00a0Mikroorganismen,\u00a0Brottrunk oder Hefe-Zucker-L\u00f6sung zugeben\u00a0und f\u00fcr ausreichend Feuchtigkeitszufuhr sorgen. <span style=\"color: #666666; font-family: 'Arial','sans-serif'; font-size: 10.5pt;\">Danach das Ganze vererden. <span style=\"color: #666666; font-family: 'Arial','sans-serif'; font-size: 10.5pt;\">Die unterste Schicht besteht hierbei aus Boden mit Kompostw\u00fcrmern. Darauf die fermentierte Mischung ca. 10 cm aufschichten und mit luft- und wasserdurchl\u00e4ssigem Material wie Heu oder Stroh abdecken. Die \u00fcbrige Arbeit \u00fcbernehmen die Kompostw\u00fcrmer. Nach\u00a03-6 Monaten (je nach Au\u00dfentemperatur)\u00a0ist\u00a0daraus Schwarze Erde (Terra Preta) entstanden.<\/span><\/span><\/span><\/p>\n<p><span style=\"color: #666666; font-family: 'Arial','sans-serif'; font-size: 10.5pt;\">Diese kann 5 kg\/m\u00b2 auf die Beete verteilt und oberfl\u00e4chlich eingearbeitet\u00a0oder\u00a0in die\u00a0Pflanzl\u00f6cher oder Saatrillen\u00a0gegeben werden.\u00a0Da Jungpflanzen noch nicht so viele N\u00e4hrstoffe ben\u00f6tigen,\u00a0sollten\u00a0das Material in den Pflanzl\u00f6chern oder Saatrillen\u00a0mit einer Schicht Boden bedecken.\u00a0Wenn sich sp\u00e4ter\u00a0die\u00a0Wurzeln\u00a0gut ausgebildet haben,\u00a0k\u00f6nnen\u00a0sie\u00a0die\u00a0jetzt ben\u00f6tigten\u00a0N\u00e4hrstoffe aus der Schwarzerde aufnehmen.<\/span><\/p>\n<p>Kompostierung:<\/p>\n<p>Empfehlung:\u00a0in ca. 1m\u00b3 (1000 l) Kompost schichtweise\u00a0ca.\u00a015% Pflanzenkohle einbringen (dies entspricht bei 7 Schichten etwa 21 l Pflanzenkohle pro Schicht), regelm\u00e4\u00dfig gie\u00dfen.[\/vc_column_text][\/vc_column_inner][\/vc_row_inner][vc_row_inner][vc_column_inner width=&#8220;1\/3&#8243;][vc_single_image image=&#8220;167&#8243; img_size=&#8220;full&#8220;][\/vc_column_inner][vc_column_inner width=&#8220;1\/3&#8243;][vc_single_image image=&#8220;170&#8243; img_size=&#8220;full&#8220;][\/vc_column_inner][vc_column_inner width=&#8220;1\/3&#8243;][vc_single_image image=&#8220;168&#8243; img_size=&#8220;full&#8220;][\/vc_column_inner][\/vc_row_inner][vc_separator][\/vc_column][\/vc_row]<\/p>\n<\/div>","protected":false},"excerpt":{"rendered":"<p>[vc_row][vc_column][vc_empty_space height=&#8220;100px&#8220;][vc_text_separator title=&#8220;Pflanzenkohle&#8220;][vc_empty_space][\/vc_column][\/vc_row][vc_row][vc_column][vc_row_inner][vc_column_inner width=&#8220;1\/2&#8243;][vc_custom_heading text=&#8220;Was ist Pflanzenkohle?&#8220; font_container=&#8220;tag:h1|font_size:25px|text_align:left|color:%2378a242|line_height:30px&#8220; use_theme_fonts=&#8220;yes&#8220;][vc_column_text]Pflanzenkohle ist [&hellip;]<\/p>\n","protected":false},"author":1,"featured_media":0,"parent":0,"menu_order":0,"comment_status":"closed","ping_status":"closed","template":"","meta":{"footnotes":""},"class_list":["post-16","page","type-page","status-publish","hentry"],"_links":{"self":[{"href":"https:\/\/pflanzenkohle.de\/index.php\/wp-json\/wp\/v2\/pages\/16","targetHints":{"allow":["GET"]}}],"collection":[{"href":"https:\/\/pflanzenkohle.de\/index.php\/wp-json\/wp\/v2\/pages"}],"about":[{"href":"https:\/\/pflanzenkohle.de\/index.php\/wp-json\/wp\/v2\/types\/page"}],"author":[{"embeddable":true,"href":"https:\/\/pflanzenkohle.de\/index.php\/wp-json\/wp\/v2\/users\/1"}],"replies":[{"embeddable":true,"href":"https:\/\/pflanzenkohle.de\/index.php\/wp-json\/wp\/v2\/comments?post=16"}],"version-history":[{"count":34,"href":"https:\/\/pflanzenkohle.de\/index.php\/wp-json\/wp\/v2\/pages\/16\/revisions"}],"predecessor-version":[{"id":1737,"href":"https:\/\/pflanzenkohle.de\/index.php\/wp-json\/wp\/v2\/pages\/16\/revisions\/1737"}],"wp:attachment":[{"href":"https:\/\/pflanzenkohle.de\/index.php\/wp-json\/wp\/v2\/media?parent=16"}],"curies":[{"name":"wp","href":"https:\/\/api.w.org\/{rel}","templated":true}]}}