{"id":1023,"date":"2019-04-26T16:38:44","date_gmt":"2019-04-26T14:38:44","guid":{"rendered":"https:\/\/pflanzenkohle.de\/?post_type=product&#038;p=1023"},"modified":"2025-06-21T12:22:18","modified_gmt":"2025-06-21T10:22:18","slug":"guellekohle","status":"publish","type":"product","link":"https:\/\/pflanzenkohle.de\/index.php\/produkt\/guellekohle\/","title":{"rendered":"G\u00fcllekohle 1300 Liter"},"content":{"rendered":"<h2><strong>Vorteile beim Einsatz in der G\u00fclle:<\/strong><\/h2>\n<p>Seit 2017 gilt eine umfassende D\u00fcngeverordnung. Eine Z\u00e4sur in der Landwirtschaft. Sie regelt akribisch genau wann, wo und wie viel D\u00fcnger auf die Felder ausgebracht werden darf. Nach Ansicht vieler Landwirte ein Wahnsinn auf 46 Seiten. Grund f\u00fcr das Ganze ist Ammoniak \u2013 NH3. Der darin enthaltene Stickstoff ist wichtig f\u00fcr das Pflanzenwachstum. Gleichzeitig sorgt er auch f\u00fcr massive Emissionen oder wird zu Ammonium, wenn er sich in Wasser l\u00f6st, und kann als Nitrat ins Grundwasser gelangen. Im Fr\u00fchjahr und Herbst, wenn Bauern ihre Felder mit G\u00fclle tr\u00e4nken, liegt ein bei\u00dfender Gestank \u00fcber dem Land. Der stechende Geruch stammt vor allem vom Ammoniak, einer leicht fl\u00fcchtigen Stickstoffverbindung, die aus dem in der G\u00fclle enthaltenen Harnstoff gebildet wird. Das Ammoniak, welches auf Bodenorganismen und Feinwurzeln \u00e4tzend wirkt, entweicht zu gro\u00dfen Teilen in die Atmosph\u00e4re, wo es sich an Staubpartikel bindet und schlie\u00dflich in Form von saurem Regen wieder auf Felder, W\u00e4lder, St\u00e4dte und Gew\u00e4sser niedergeht und dadurch hohe Umweltsch\u00e4den verursacht.W\u00e4hrend ein Teil der in der G\u00fclle enthaltenen Mineralstoffe wie Ammonium, Nitrat, Harnstoff und Phosphat den Pflanzen als N\u00e4hrstoffe zur Verf\u00fcgung stehen, wird neben den klimasch\u00e4dlichen Ausgasungen ein erheblicher Teil der N\u00e4hrstoffe in Grund- und Oberfl\u00e4chengew\u00e4sser ausgewaschen.<\/p>\n<p>Insgesamt gehen durch Ausgasung, Auswaschung und Erosion auf dem Weg vom Stall \u00fcber die G\u00fcllegrube bis zum Boden rund 50% des Stickstoffs verloren, was nicht nur f\u00fcr eine sehr geringe D\u00fcngeeffizienz spricht, sondern hohe Folgekosten durch Umweltsch\u00e4den verursacht. So kommt es allein in Deutschland zu landwirtschaftlichen Ammoniakemissionen von \u00fcber 600.000 Tonnen pro Jahr. Aufgrund der Ausgasung von Ammoniak und des Auswaschens von Nitraten kommt es durch die D\u00fcngung mit unbehandelter G\u00fclle zudem zu Bodenversauerung, was die Fruchtbarkeit und biologische Aktivit\u00e4t des Bodens stark beeintr\u00e4chtigt und den Abbau von Humus beschleunigt.Noch gef\u00e4hrlicher als die Bodenversauerung ist allerdings, dass durch nicht hygienisierte G\u00fclle Krankheitserreger sowohl aus dem Verdauungstrakt der Tiere als auch von den in der faulenden G\u00fcllegrube herangez\u00fcchteten Bakterienst\u00e4mmen und Pilzsporen auf die Felder ausgebracht werden. Zwar werden die meisten krankheitserregenden Mikroorganismen durch Antagonisten im Boden vernichtet bzw. abgebaut, doch einige hochresistente Bakterienst\u00e4mme, Pilzsporen und sonstige Krankheitserreger wie z.B. Clostridien (Ehec, Botulismus \u2026) \u00fcberleben den gesamten Wachstumszyklus der Pflanzen und k\u00f6nnen \u00fcber das von diesen Feldern eingebrachte Futter wieder von den Tieren aufgenommen werden. Auf diese Weise schlie\u00dft sich ein teuflischer Kreislauf, der nach und nach immer resistentere Krankheitserreger heranz\u00fcchtet und die Gesundheit von Tier und Mensch gef\u00e4hrden kann.<\/p>\n<p>Durch die Beimischung mit Pflanzenkohle in die G\u00fclle (daher der Begriff G\u00fcllekohle) wird die Ausgasung von Ammoniak und Auswaschung von Nitraten reduziert. Die N\u00e4hrstoffe bleiben in der G\u00fclle gebunden und \u00fcber einen langen Zeitraum pflanzenverf\u00fcgbar wieder abgegeben. Zudem wird dauerstabiler Kohlenstoff in den Boden eingebracht, was der Humusbildung zugute kommt.<\/p>\n<p><strong>Positiver Nebeneffekt: Durch die vergleichbare Wirkung einer Aktivkohle wird gleichzeitig die Geruchsemission der ausgebrachten G\u00fclle erheblich reduziert, was der Akzeptanz in der Bev\u00f6lkerung zugute kommt.<\/strong><\/p>\n<p><strong>__________________________<\/strong><\/p>\n<p>Wir verkaufen auch bei ebay.<br \/>\n<a href=\"http:\/\/www.ebay.de\/sch\/pflanzenkohle\/m.html?_nkw=&amp;amp;_armrs=1&amp;amp;_ipg=&amp;amp;_from=\">Hier geht&#8217;s direkt zu unserem Ebay Shop<\/a><\/p>\n","protected":false},"excerpt":{"rendered":"<p>K\u00f6rnung 0-3 mm<br \/>\n1.300 Liter<br \/>\nreine, biologische Pflanzenkohle im Bag Pack<\/p>\n<p>zur Verwendung als Zugabe in G\u00fclle, Mist oder Biogasanlage!<\/p>\n<p>Dank des Einsatzes von Pflanzenkohle und der Steuerung des mikrobiellen Milieus in der G\u00fcllegrube, lassen sich die Stoffkreisl\u00e4ufe schlie\u00dfen. Aus G\u00fclle wird so ein hocheffizientes, nachhaltiges und geruchloses D\u00fcngemittel.<\/p>\n","protected":false},"featured_media":789,"template":"","meta":[],"product_brand":[],"product_cat":[312],"product_tag":[],"class_list":{"0":"post-1023","1":"product","2":"type-product","3":"status-publish","4":"has-post-thumbnail","6":"product_cat-guellekohle","8":"first","9":"outofstock","10":"taxable","11":"shipping-taxable","12":"purchasable","13":"product-type-simple"},"_links":{"self":[{"href":"https:\/\/pflanzenkohle.de\/index.php\/wp-json\/wp\/v2\/product\/1023","targetHints":{"allow":["GET"]}}],"collection":[{"href":"https:\/\/pflanzenkohle.de\/index.php\/wp-json\/wp\/v2\/product"}],"about":[{"href":"https:\/\/pflanzenkohle.de\/index.php\/wp-json\/wp\/v2\/types\/product"}],"wp:featuredmedia":[{"embeddable":true,"href":"https:\/\/pflanzenkohle.de\/index.php\/wp-json\/wp\/v2\/media\/789"}],"wp:attachment":[{"href":"https:\/\/pflanzenkohle.de\/index.php\/wp-json\/wp\/v2\/media?parent=1023"}],"wp:term":[{"taxonomy":"product_brand","embeddable":true,"href":"https:\/\/pflanzenkohle.de\/index.php\/wp-json\/wp\/v2\/product_brand?post=1023"},{"taxonomy":"product_cat","embeddable":true,"href":"https:\/\/pflanzenkohle.de\/index.php\/wp-json\/wp\/v2\/product_cat?post=1023"},{"taxonomy":"product_tag","embeddable":true,"href":"https:\/\/pflanzenkohle.de\/index.php\/wp-json\/wp\/v2\/product_tag?post=1023"}],"curies":[{"name":"wp","href":"https:\/\/api.w.org\/{rel}","templated":true}]}}