{"id":387,"date":"2017-04-26T10:59:52","date_gmt":"2017-04-26T08:59:52","guid":{"rendered":"http:\/\/pflanzenkohle.de\/?post_type=product&#038;p=387"},"modified":"2025-07-21T09:01:07","modified_gmt":"2025-07-21T07:01:07","slug":"pflanzenkohle-50-liter-fein","status":"publish","type":"product","link":"https:\/\/pflanzenkohle.de\/index.php\/produkt\/pflanzenkohle-50-liter-fein\/","title":{"rendered":"Pflanzenkohle 50 Liter"},"content":{"rendered":"<p><strong>K\u00f6rnung:<\/strong>\u00a00-5 mm<br \/>\n<strong>Produktart:<\/strong> Organisch<br \/>\n<strong>F\u00fcr:<\/strong> Gem\u00fcse, Blumen,\u00a0Balkon-, K\u00fcbel- &amp; Gem\u00fcsepflanzen,\u00a0B\u00e4ume, Obst- und Zierb\u00e4ume, Str\u00e4ucher<\/p>\n<p>Als Marktf\u00fchrer achten wir strengstens darauf, dass\u00a0unsere Pflanzenkohle ausschlie\u00dflich aus chemisch unbehandeltem Waldholz aus\u00a0nachhaltigem regionalem Anbau hergestellt wird.<\/p>\n<p><strong>Sie ist rein biologisch, frei von Giftstoffen und hat einen besonders hohen Kohlenstoff- und niedrigen Ascheanteil.<br \/>\nDer f\u00fcr die Wirkung erforderliche hohe Kohlenstoffanteil\u00a0geht weit \u00fcber die Mindestanforderungen des EBC-Zertifikates hinaus.<\/strong><\/p>\n<p>Durch regelm\u00e4\u00dfige externe Qualit\u00e4ts\u00fcberwachung k\u00f6nnen Sie sicher gehen, dass unsere Pflanzenkohle garantiert aus chemisch unbehandeltem Waldholz hergestellt wird.<\/p>\n<p>Pflanzenkohle ist kein D\u00fcnger, sondern ein Tr\u00e4germittel f\u00fcr N\u00e4hrstoffe sowie ein Lebensraum f\u00fcr Mikroorganismen.<br \/>\nDie bodenverbessernden Eigenschaften k\u00f6nnen\u00a0durch die Vermischung mit Kompost, Viehmist, oder biologischen K\u00fcchenabf\u00e4llen deutlich verbessert werden.<br \/>\nWichtig ist hierbei\u00a0die Zugabe von gen\u00fcgend Feuchtigkeit, damit sich die N\u00e4hrstoffe l\u00f6sen und in den Poren der Pflanzenkohle anlagern k\u00f6nnen.<br \/>\nDie Kohle bindet die N\u00e4hrstoffe wie ein Schwamm und stellt diese dauerhaft\u00a0den Pflanzen zur Verf\u00fcgung.<\/p>\n<p>Aus diesem Grund befeuchten wir unsere Kohle vor Versand, wodurch sich auch eine deutlich bessere Handhabung ergibt, da eine Staubbildung vermieden wird.<\/p>\n<p><strong>Unsere Pflanzenkohle wird ausschlie\u00dflich aus naturbelassenen, chemisch unbehandelten Waldhackschnitzeln hergestellt. Sie ist als Ausgangsstoff f\u00fcr Kultursubstrate oder als Tr\u00e4gersubstanz in Verbindung mit der Zugabe von N\u00e4hrstoffen \u00fcber zugelassene D\u00fcngemittel verwendbar.<\/strong><\/p>\n<p>&nbsp;<\/p>\n<p>&nbsp;<\/p>\n<p>Wir verkaufen auch bei ebay.<br \/>\n<a href=\"http:\/\/www.ebay.de\/sch\/pflanzenkohle\/m.html?_nkw=&amp;amp;_armrs=1&amp;amp;_ipg=&amp;amp;_from=\">Hier geht&#8217;s direkt zu unserem Ebay Shop<\/a><\/p>\n","protected":false},"excerpt":{"rendered":"<p>ideale K\u00f6rnung\u00a00-5 mm<br \/>\n50 Liter reine biologische Pflanzenkohle im Kunststoffsack,<br \/>\nzur Verwendung als Ausgangsstoff f\u00fcr Kultursubstrate oder als Tr\u00e4gersubstanz in Verbindung mit der Zugabe von N\u00e4hrstoffen \u00fcber zugelassene D\u00fcngemittel<\/p>\n","protected":false},"featured_media":400,"template":"","meta":[],"product_brand":[],"product_cat":[310],"product_tag":[],"class_list":{"0":"post-387","1":"product","2":"type-product","3":"status-publish","4":"has-post-thumbnail","6":"product_cat-pflanzenkohle","8":"first","9":"outofstock","10":"sold-individually","11":"taxable","12":"shipping-taxable","13":"purchasable","14":"product-type-simple"},"_links":{"self":[{"href":"https:\/\/pflanzenkohle.de\/index.php\/wp-json\/wp\/v2\/product\/387","targetHints":{"allow":["GET"]}}],"collection":[{"href":"https:\/\/pflanzenkohle.de\/index.php\/wp-json\/wp\/v2\/product"}],"about":[{"href":"https:\/\/pflanzenkohle.de\/index.php\/wp-json\/wp\/v2\/types\/product"}],"wp:featuredmedia":[{"embeddable":true,"href":"https:\/\/pflanzenkohle.de\/index.php\/wp-json\/wp\/v2\/media\/400"}],"wp:attachment":[{"href":"https:\/\/pflanzenkohle.de\/index.php\/wp-json\/wp\/v2\/media?parent=387"}],"wp:term":[{"taxonomy":"product_brand","embeddable":true,"href":"https:\/\/pflanzenkohle.de\/index.php\/wp-json\/wp\/v2\/product_brand?post=387"},{"taxonomy":"product_cat","embeddable":true,"href":"https:\/\/pflanzenkohle.de\/index.php\/wp-json\/wp\/v2\/product_cat?post=387"},{"taxonomy":"product_tag","embeddable":true,"href":"https:\/\/pflanzenkohle.de\/index.php\/wp-json\/wp\/v2\/product_tag?post=387"}],"curies":[{"name":"wp","href":"https:\/\/api.w.org\/{rel}","templated":true}]}}