{"id":527,"date":"2022-02-07T11:06:54","date_gmt":"2022-02-07T10:06:54","guid":{"rendered":"http:\/\/pflanzenkohle.de\/?post_type=product&#038;p=527"},"modified":"2025-08-30T17:50:16","modified_gmt":"2025-08-30T15:50:16","slug":"pflanzenkohle-1200-liter","status":"publish","type":"product","link":"https:\/\/pflanzenkohle.de\/index.php\/produkt\/pflanzenkohle-1200-liter\/","title":{"rendered":"Pflanzenkohle 1200 Liter"},"content":{"rendered":"<p><strong>K\u00f6rnung:<\/strong>\u00a00-5 mm<br \/>\n<strong>Produktart:<\/strong> Organisch<br \/>\n<strong>F\u00fcr:<\/strong> Gem\u00fcse, Blumen,\u00a0Balkon-, K\u00fcbel- &amp; Gem\u00fcsepflanzen,\u00a0B\u00e4ume, Obst- und Zierb\u00e4ume, Str\u00e4ucher<\/p>\n<p>Als Marktf\u00fchrer achten wir strengstens darauf, dass\u00a0unsere Pflanzenkohle ausschlie\u00dflich aus chemisch unbehandeltem Waldholz aus\u00a0nachhaltigem regionalem Anbau hergestellt wird.<\/p>\n<p><strong>Sie ist rein biologisch, frei von Giftstoffen und hat einen besonders hohen Kohlenstoff- und niedrigen Ascheanteil.<br \/>\nDer f\u00fcr die Wirkung erforderliche hohe Kohlenstoffanteil\u00a0geht weit \u00fcber die Mindestanforderungen des EBC-Zertifikates hinaus.<\/strong><\/p>\n<p>Durch regelm\u00e4\u00dfige externe Qualit\u00e4ts\u00fcberwachung k\u00f6nnen Sie sicher gehen, dass unsere Pflanzenkohle garantiert aus chemisch unbehandeltem Waldholz hergestellt wird.<\/p>\n<p>Pflanzenkohle ist kein D\u00fcnger, sondern ein Tr\u00e4germittel f\u00fcr N\u00e4hrstoffe sowie ein Lebensraum f\u00fcr Mikroorganismen.<br \/>\nDie bodenverbessernden Eigenschaften k\u00f6nnen\u00a0durch die Vermischung mit Kompost, Viehmist, oder biologischen K\u00fcchenabf\u00e4llen deutlich verbessert werden.<br \/>\nWichtig ist hierbei\u00a0die Zugabe von gen\u00fcgend Feuchtigkeit, damit sich die N\u00e4hrstoffe l\u00f6sen und in den Poren der Pflanzenkohle anlagern k\u00f6nnen.<br \/>\nDie Kohle bindet die N\u00e4hrstoffe wie ein Schwamm und stellt diese dauerhaft\u00a0den Pflanzen zur Verf\u00fcgung.<\/p>\n<p>Aus diesem Grund befeuchten wir unsere Kohle vor Versand, wodurch sich auch eine deutlich bessere Handhabung ergibt, da eine Staubbildung vermieden wird.<\/p>\n<p><strong>Unsere Pflanzenkohle wird ausschlie\u00dflich aus naturbelassenen, chemisch unbehandelten Waldhackschnitzeln hergestellt. Sie ist als Ausgangsstoff f\u00fcr Kultursubstrate oder als Tr\u00e4gersubstanz in Verbindung mit der Zugabe von N\u00e4hrstoffen \u00fcber zugelassene D\u00fcngemittel verwendbar.<\/strong><\/p>\n<p>&nbsp;<\/p>\n<p><strong>__________________________<\/strong><\/p>\n<p>Wir verkaufen auch bei ebay.<br \/>\n<a href=\"http:\/\/www.ebay.de\/sch\/pflanzenkohle\/m.html?_nkw=&amp;amp;_armrs=1&amp;amp;_ipg=&amp;amp;_from=\">Hier geht&#8217;s direkt zu unserem Ebay Shop<\/a><\/p>\n","protected":false},"excerpt":{"rendered":"<p>K\u00f6rnung: 0-5 mm<br \/>\n1200 Liter\u00a0reine, biologische Pflanzenkohle im Big Bag,<br \/>\nzur Verwendung als Ausgangsstoff f\u00fcr Kultursubstrate.<\/p>\n","protected":false},"featured_media":404,"template":"","meta":[],"product_brand":[],"product_cat":[310],"product_tag":[],"class_list":{"0":"post-527","1":"product","2":"type-product","3":"status-publish","4":"has-post-thumbnail","6":"product_cat-pflanzenkohle","8":"first","9":"outofstock","10":"taxable","11":"shipping-taxable","12":"purchasable","13":"product-type-simple"},"_links":{"self":[{"href":"https:\/\/pflanzenkohle.de\/index.php\/wp-json\/wp\/v2\/product\/527","targetHints":{"allow":["GET"]}}],"collection":[{"href":"https:\/\/pflanzenkohle.de\/index.php\/wp-json\/wp\/v2\/product"}],"about":[{"href":"https:\/\/pflanzenkohle.de\/index.php\/wp-json\/wp\/v2\/types\/product"}],"wp:featuredmedia":[{"embeddable":true,"href":"https:\/\/pflanzenkohle.de\/index.php\/wp-json\/wp\/v2\/media\/404"}],"wp:attachment":[{"href":"https:\/\/pflanzenkohle.de\/index.php\/wp-json\/wp\/v2\/media?parent=527"}],"wp:term":[{"taxonomy":"product_brand","embeddable":true,"href":"https:\/\/pflanzenkohle.de\/index.php\/wp-json\/wp\/v2\/product_brand?post=527"},{"taxonomy":"product_cat","embeddable":true,"href":"https:\/\/pflanzenkohle.de\/index.php\/wp-json\/wp\/v2\/product_cat?post=527"},{"taxonomy":"product_tag","embeddable":true,"href":"https:\/\/pflanzenkohle.de\/index.php\/wp-json\/wp\/v2\/product_tag?post=527"}],"curies":[{"name":"wp","href":"https:\/\/api.w.org\/{rel}","templated":true}]}}